{"id":80215,"date":"2021-03-11T10:03:22","date_gmt":"2021-03-11T09:03:22","guid":{"rendered":"https:\/\/creativebd-angouleme.inovawork.net\/creative-city\/nos-9-atouts\/"},"modified":"2021-03-12T16:40:12","modified_gmt":"2021-03-12T15:40:12","slug":"our-9-major-assets","status":"publish","type":"page","link":"https:\/\/creativebd-angouleme.inovawork.net\/en\/creative-city\/our-9-major-assets\/","title":{"rendered":"Our 9 major assets"},"content":{"rendered":"<p>[vc_row][vc_column width=&#8221;1\/1&#8243;][vc_column_text]\n\n<div id=\"wk-grid3dc\" class=\"uk-grid-width-1-1 uk-grid-width-medium-1-3 uk-grid-width-large-1-3 uk-grid-width-xlarge-1-3 uk-grid uk-grid-match uk-text-left \" data-uk-grid-match=\"{target:'> div > .uk-panel', row:true}\" data-uk-grid-margin  data-uk-scrollspy=\"{cls:'uk-animation-scale-up uk-invisible', target:'> div > .uk-panel', delay:300}\">\n\n\n    <div>\n        <div class=\"uk-panel uk-panel-box uk-panel-box-primary uk-invisible\">\n\n            \n            \n                        <div class=\"uk-text-center uk-panel-teaser\"><img src=\"\/wp-content\/uploads\/2021\/03\/1-Honore-de-Balzac.jpg\" class=\" uk-overlay-scale\" alt=\"1 \u2022 Angoul\u00eame has always loved literature\" width=\"290\" height=\"387\"><\/div>\n            \n            \n                        <h3 class=\"uk-h1 uk-margin-top-remove\">\n\n                                    1 \u2022 Angoul\u00eame has always loved literature                \n                \n            <\/h3>\n            \n            \n            \n                        <div class=\"uk-margin\"><p>City of literary tradition since the chronicles of Adh\u00e9mar de Chabannes in the 11th century, through the royal family of Valois-Angoul\u00eame in the Renaissance, or Jean-Louis Guez de Balzac in the Great Century and Honor\u00e9 de Balzac in the 19th century, the comic strip continues this tradition to which it has breathed new life for almost 50 years.<\/p>\n<\/div>\n            \n            \n            \n            \n        <\/div>\n    <\/div>\n\n\n    <div>\n        <div class=\"uk-panel uk-panel-box uk-panel-box-secondary uk-invisible\">\n\n            \n            \n                        <div class=\"uk-text-center uk-panel-teaser\"><img src=\"\/wp-content\/uploads\/2021\/03\/1280_080829-Angoule%CC%82me-36-Modifier-29082008.jpg\" class=\" uk-overlay-scale\" alt=\"2 \u2022 An ancient paper history\"><\/div>\n            \n            \n                        <h3 class=\"uk-h1 uk-margin-top-remove\">\n\n                                    2 \u2022 An ancient paper history                \n                \n            <\/h3>\n            \n            \n            \n                        <div class=\"uk-margin\"><p>Since the 16th century, Angoul\u00eame has been an important paper house with a varied and high-quality production of the letter paper with the famous Angoul\u00eame vellum to cigarette paper.<\/p>\n<\/div>\n            \n            \n            \n            \n        <\/div>\n    <\/div>\n\n\n    <div>\n        <div class=\"uk-panel uk-panel-box uk-panel-box-primary uk-invisible\">\n\n            \n            \n                        <div class=\"uk-text-center uk-panel-teaser\"><img src=\"\/wp-content\/uploads\/2021\/03\/3-FIBD-ref-mondiale-affiche1974_c-Hugo-Pratt-Cong-SA_bdef.jpg\" class=\" uk-overlay-scale\" alt=\"3 \u2022 A comic book festival as a world reference\" width=\"1200\" height=\"813\"><\/div>\n            \n            \n                        <h3 class=\"uk-h1 uk-margin-top-remove\">\n\n                                    3 \u2022 A comic book festival as a world reference                \n                \n            <\/h3>\n            \n            \n            \n                        <div class=\"uk-margin\"><p>The International Comic Strip Festival (FIBD), linked in the territory since 1974, with a worldwide record, is Angoul\u00eame&#8217;s emblematic event. In 2019, nearly 250,000 visitors, 2,000 authors, 1200 publishers 985 journalists make it the meeting place of the planet Comic Strip!<figcaption>Illustration : \u00a9 Hugo Pratt &#8211; Cong SA<\/figcaption>\n<\/div>\n            \n            \n            \n            \n        <\/div>\n    <\/div>\n\n\n    <div>\n        <div class=\"uk-panel uk-panel-box uk-panel-box-secondary uk-invisible\">\n\n            \n            \n                        <div class=\"uk-text-center uk-panel-teaser\"><img src=\"\/wp-content\/uploads\/2021\/03\/4-ecosysteme-9eme-art-quartier-image-c-Magelis-ARNAUD-DEVIS.jpg\" class=\" uk-overlay-scale\" alt=\"4 \u2022 An eco-system that revolves around the 9th Art\" width=\"1200\" height=\"675\"><\/div>\n            \n            \n                        <h3 class=\"uk-h1 uk-margin-top-remove\">\n\n                                    4 \u2022 An eco-system that revolves around the 9th Art                \n                \n            <\/h3>\n            \n            \n            \n                        <div class=\"uk-margin\"><p>Since the creation of the FIBD, an ecosystem has been built around the Charente River. Today, nearly 200 cartoonists have settled around the city. 30 companies are directly linked to the Comic Strip (publishers, authors&#8217; workshops, artists&#8217; collectives, distribution structures&#8230;) not to mention the 75 companies dedicated to animation, digital and multimedia. It is estimated that nearly 1,000 jobs are generated by the cultural and creative industries.<figcaption>Photo : \u00a9 Arnaud Devis &#8211; La photo a\u00e9rienne<\/figcaption>\n<\/div>\n            \n            \n            \n            \n        <\/div>\n    <\/div>\n\n\n    <div>\n        <div class=\"uk-panel uk-panel-box uk-panel-box-primary uk-invisible\">\n\n            \n            \n                        <div class=\"uk-text-center uk-panel-teaser\"><img src=\"\/wp-content\/uploads\/2021\/03\/5-urbanisme-BD-lucien-et-obelisque_bdef.jpg\" class=\" uk-overlay-scale\" alt=\"5 \u2022 An original urbanplanning \u00abComic Strip\u00bb\" width=\"1200\" height=\"795\"><\/div>\n            \n            \n                        <h3 class=\"uk-h1 uk-margin-top-remove\">\n\n                                    5 \u2022 An original urbanplanning \u00abComic Strip\u00bb                \n                \n            <\/h3>\n            \n            \n            \n                        <div class=\"uk-margin\"><p>Over time, comics have become entrenched in the territory: the former industrial district on the banks of the Charente river has converted into comics and media art and many urban development projects have emerged such as the new circuit of the 28 painted walls, the fa\u00e7ade of the Archives  signed by Fran\u00e7ois Schuiten, the Goscinny obelisk in front of the railstation, the statues of Lucien, Herg\u00e9, Corto Malt\u00e8se, the street signs in the shape of phylactery, or the numerous comics illustrations on buses, bus shelters, mailboxes and other &#8220;boxes&#8221; to read.&#8221;<\/p>\n<\/div>\n            \n            \n            \n            \n        <\/div>\n    <\/div>\n\n\n    <div>\n        <div class=\"uk-panel uk-panel-box uk-panel-box-secondary uk-invisible\">\n\n            \n            \n                        <div class=\"uk-text-center uk-panel-teaser\"><img src=\"\/wp-content\/uploads\/2021\/03\/6-bd-a-luniv-Etudiants-LAtelier-c-Magelis-JD-Guillou.jpg\" class=\" uk-overlay-scale\" alt=\"6 \u2022 The Comic Strip at the University\" width=\"1450\" height=\"967\"><\/div>\n            \n            \n                        <h3 class=\"uk-h1 uk-margin-top-remove\">\n\n                                    6 \u2022 The Comic Strip at the University                \n                \n            <\/h3>\n            \n            \n            \n                        <div class=\"uk-margin\"><p>With its 12 high schools institutions, the Image Campus is one of the major hubs of comics and media art training in Europe. The European High School of Image (EESI) is the only one to train from the undergraduate to the Doctorate on comics! Each year, 1200 students prepare one of the thirty diplomas on offer. The Image Campus is part of a particularly dense international network: Europe, Quebec and Montreal, Guadalajara (Mexico), Dakar (Senegal), Hanoi (Vietnam)&#8230;<figcaption>\u00a9 MAGELIS &#8211; JD GUILLOU<\/figcaption>\n<\/div>\n            \n            \n            \n            \n        <\/div>\n    <\/div>\n\n\n    <div>\n        <div class=\"uk-panel uk-panel-box uk-panel-box-primary uk-invisible\">\n\n            \n            \n                        <div class=\"uk-text-center uk-panel-teaser\"><img src=\"\/wp-content\/uploads\/2021\/03\/7-culture-pour-tous-CIBDI-corto_bdef.jpg\" class=\" uk-overlay-scale\" alt=\"7 \u2022 Culture accessible to all\" width=\"1200\" height=\"795\"><\/div>\n            \n            \n                        <h3 class=\"uk-h1 uk-margin-top-remove\">\n\n                                    7 \u2022 Culture accessible to all                \n                \n            <\/h3>\n            \n            \n            \n                        <div class=\"uk-margin\"><p>Angoul\u00eame has tools and devices to make comics accessible to as many people as possible: the Alpha, the bran new media library, offers an important collection to readers of all ages, the International City of Comics and Image (CIBDI) is a unique place of diffusion, between museum and cultural animator, between facilitator of innovation with the New Factory and creation with the House of Authors. But it is also the Franquin Space, the Angoul\u00eame Museums and Paper and the socio-cultural centers in the neighborhoods&#8230;<\/p>\n<\/div>\n            \n            \n            \n            \n        <\/div>\n    <\/div>\n\n\n    <div>\n        <div class=\"uk-panel uk-panel-box uk-panel-box-secondary uk-invisible\">\n\n            \n            \n                        <div class=\"uk-text-center uk-panel-teaser\"><img src=\"\/wp-content\/uploads\/2021\/03\/8-medium-lien-social_cJD.GUILLOU_bdef.jpg\" class=\" uk-overlay-scale\" alt=\"8 \u2022 The Comic Strip, medium of social bonding\" width=\"1200\" height=\"800\"><\/div>\n            \n            \n                        <h3 class=\"uk-h1 uk-margin-top-remove\">\n\n                                    8 \u2022 The Comic Strip, medium of social bonding                \n                \n            <\/h3>\n            \n            \n            \n                        <div class=\"uk-margin\"><p>In Angoul\u00eame, the pedagogical use of the Comic Strip is a nationally recognized specificity and has developed in schools from kindergarten to high school allowing everyone to access cultural culture and practices and Works. The school comic competition supported by UNESCO&#8217;s French National Commission involves more than 400 schools and 5,000 students from all over the world each year.<figcaption>Photo : \u00a9 JD GUILLOU<\/figcaption>\n<\/div>\n            \n            \n            \n            \n        <\/div>\n    <\/div>\n\n\n    <div>\n        <div class=\"uk-panel uk-panel-box uk-panel-box-primary uk-invisible\">\n\n            \n            \n                        <div class=\"uk-text-center uk-panel-teaser\"><img src=\"\/wp-content\/uploads\/2021\/03\/9-ouverture-tous-arts-affiche-FFA-2020.jpg\" class=\" uk-overlay-scale\" alt=\"9 \u2022 An opening to all the arts (music, cinema and gastronomy)\" width=\"1600\" height=\"1000\"><\/div>\n            \n            \n                        <h3 class=\"uk-h1 uk-margin-top-remove\">\n\n                                    9 \u2022 An opening to all the arts (music, cinema and gastronomy)                \n                \n            <\/h3>\n            \n            \n            \n                        <div class=\"uk-margin\"><p>Comics is not the only annual event in Angoul\u00eame :<\/p>\n<ul>\n<li>Music: M\u00e9tis Music (May), Piano en Valois (autumn), <\/li>\n<li>Cinema: The Francophone Film Festival (August), Courant 3D (October),<\/li>\n<li>Gastronomy: Gastronomades (June and November),<\/li>\n<li>Literature: Angoul\u00eame Book Festival (December).<\/li>\n<\/ul>\n<p>This gives Angoul\u00eame the nickname of the City of Festivals.<figcaption>Affiche FFA<\/figcaption>\n<\/div>\n            \n            \n            \n            \n        <\/div>\n    <\/div>\n\n\n<\/div>\n\n<script>\n(function($){\n\n    \/\/ get the images of the gallery and replace it by a canvas of the same size to fix the problem with overlapping images on load.\n    $('img[width][height]:not(.uk-overlay-panel)', $('#wk-grid3dc')).each(function() {\n\n        var $img = $(this);\n\n        if (this.width == 'auto' || this.height == 'auto' || !$img.is(':visible')) {\n            return;\n        }\n\n        var $canvas = $('<canvas class=\"uk-responsive-width\"><\/canvas>').attr({width:$img.attr('width'), height:$img.attr('height')}),\n            img = new Image,\n            release = function() {\n                $canvas.remove();\n                $img.css('display', '');\n                release = function(){};\n            };\n\n        $img.css('display', 'none').after($canvas);\n\n        $(img).on('load', function(){ release(); });\n        setTimeout(function(){ release(); }, 1000);\n\n        img.src = this.src;\n\n    });\n\n})(jQuery);\n<\/script>\n[\/vc_column_text][\/vc_column][\/vc_row][vc_row][vc_column width=&#8221;1\/1&#8243;][vc_empty_space empty_h=&#8221;2&#8243;][\/vc_column][\/vc_row]<\/p>\n","protected":false},"excerpt":{"rendered":"<p>Les 9 atouts des la ville d&#8217;Angoul\u00eame<\/p>\n","protected":false},"author":7,"featured_media":0,"parent":79226,"menu_order":0,"comment_status":"closed","ping_status":"closed","template":"","meta":[],"yoast_head":"<!-- This site is optimized with the Yoast SEO plugin v18.4.1 - https:\/\/yoast.com\/wordpress\/plugins\/seo\/ -->\n<title>Angoul\u00eame Ville Cr\u00e9ative<\/title>\n<meta name=\"description\" content=\"Our 9 major assets\" \/>\n<meta name=\"robots\" content=\"noindex, follow, max-snippet:-1, max-image-preview:large, max-video-preview:-1\" \/>\n<meta property=\"og:locale\" content=\"en_US\" \/>\n<meta property=\"og:type\" content=\"article\" \/>\n<meta property=\"og:title\" content=\"Angoul\u00eame Ville Cr\u00e9ative\" \/>\n<meta property=\"og:description\" content=\"Our 9 major assets\" \/>\n<meta property=\"og:url\" content=\"https:\/\/creativebd-angouleme.inovawork.net\/en\/creative-city\/our-9-major-assets\/\" \/>\n<meta property=\"og:site_name\" content=\"Angoul\u00eame Ville Cr\u00e9ative\" \/>\n<meta property=\"article:modified_time\" content=\"2021-03-12T15:40:12+00:00\" \/>\n<meta name=\"twitter:card\" content=\"summary_large_image\" \/>\n<meta name=\"twitter:label1\" content=\"Est. reading time\" \/>\n\t<meta name=\"twitter:data1\" content=\"1 minute\" \/>\n<script type=\"application\/ld+json\" class=\"yoast-schema-graph\">{\"@context\":\"https:\/\/schema.org\",\"@graph\":[{\"@type\":\"Organization\",\"@id\":\"https:\/\/creativebd-angouleme.inovawork.net\/#organization\",\"name\":\"Mairie d'Angoul\u00eame\",\"url\":\"https:\/\/creativebd-angouleme.inovawork.net\/\",\"sameAs\":[],\"logo\":{\"@type\":\"ImageObject\",\"@id\":\"https:\/\/creativebd-angouleme.inovawork.net\/#logo\",\"inLanguage\":\"en-US\",\"url\":\"https:\/\/creativebd-angouleme.inovawork.net\/wp-content\/uploads\/2019\/12\/logo_angouleme_unesco.jpg\",\"contentUrl\":\"https:\/\/creativebd-angouleme.inovawork.net\/wp-content\/uploads\/2019\/12\/logo_angouleme_unesco.jpg\",\"width\":2079,\"height\":1060,\"caption\":\"Mairie d'Angoul\u00eame\"},\"image\":{\"@id\":\"https:\/\/creativebd-angouleme.inovawork.net\/#logo\"}},{\"@type\":\"WebSite\",\"@id\":\"https:\/\/creativebd-angouleme.inovawork.net\/#website\",\"url\":\"https:\/\/creativebd-angouleme.inovawork.net\/\",\"name\":\"Angoul\u00eame Ville Cr\u00e9ative\",\"description\":\"Angoul\u00eame Ville Cr\u00e9ative de l&#039;UNESCO\",\"publisher\":{\"@id\":\"https:\/\/creativebd-angouleme.inovawork.net\/#organization\"},\"potentialAction\":[{\"@type\":\"SearchAction\",\"target\":{\"@type\":\"EntryPoint\",\"urlTemplate\":\"https:\/\/creativebd-angouleme.inovawork.net\/?s={search_term_string}\"},\"query-input\":\"required name=search_term_string\"}],\"inLanguage\":\"en-US\"},{\"@type\":\"WebPage\",\"@id\":\"https:\/\/creativebd-angouleme.inovawork.net\/en\/creative-city\/our-9-major-assets\/#webpage\",\"url\":\"https:\/\/creativebd-angouleme.inovawork.net\/en\/creative-city\/our-9-major-assets\/\",\"name\":\"Angoul\u00eame Ville Cr\u00e9ative\",\"isPartOf\":{\"@id\":\"https:\/\/creativebd-angouleme.inovawork.net\/#website\"},\"datePublished\":\"2021-03-11T09:03:22+00:00\",\"dateModified\":\"2021-03-12T15:40:12+00:00\",\"description\":\"Our 9 major assets\",\"breadcrumb\":{\"@id\":\"https:\/\/creativebd-angouleme.inovawork.net\/en\/creative-city\/our-9-major-assets\/#breadcrumb\"},\"inLanguage\":\"en-US\",\"potentialAction\":[{\"@type\":\"ReadAction\",\"target\":[\"https:\/\/creativebd-angouleme.inovawork.net\/en\/creative-city\/our-9-major-assets\/\"]}]},{\"@type\":\"BreadcrumbList\",\"@id\":\"https:\/\/creativebd-angouleme.inovawork.net\/en\/creative-city\/our-9-major-assets\/#breadcrumb\",\"itemListElement\":[{\"@type\":\"ListItem\",\"position\":1,\"name\":\"Accueil\",\"item\":\"https:\/\/creativebd-angouleme.inovawork.net\/en\/\"},{\"@type\":\"ListItem\",\"position\":2,\"name\":\"Creative City\",\"item\":\"https:\/\/creativebd-angouleme.inovawork.net\/en\/creative-city\/\"},{\"@type\":\"ListItem\",\"position\":3,\"name\":\"Our 9 major assets\"}]}]}<\/script>\n<!-- \/ Yoast SEO plugin. -->","yoast_head_json":{"title":"Angoul\u00eame Ville Cr\u00e9ative","description":"Our 9 major assets","robots":{"index":"noindex","follow":"follow","max-snippet":"max-snippet:-1","max-image-preview":"max-image-preview:large","max-video-preview":"max-video-preview:-1"},"og_locale":"en_US","og_type":"article","og_title":"Angoul\u00eame Ville Cr\u00e9ative","og_description":"Our 9 major assets","og_url":"https:\/\/creativebd-angouleme.inovawork.net\/en\/creative-city\/our-9-major-assets\/","og_site_name":"Angoul\u00eame Ville Cr\u00e9ative","article_modified_time":"2021-03-12T15:40:12+00:00","twitter_card":"summary_large_image","twitter_misc":{"Est. reading time":"1 minute"},"schema":{"@context":"https:\/\/schema.org","@graph":[{"@type":"Organization","@id":"https:\/\/creativebd-angouleme.inovawork.net\/#organization","name":"Mairie d'Angoul\u00eame","url":"https:\/\/creativebd-angouleme.inovawork.net\/","sameAs":[],"logo":{"@type":"ImageObject","@id":"https:\/\/creativebd-angouleme.inovawork.net\/#logo","inLanguage":"en-US","url":"https:\/\/creativebd-angouleme.inovawork.net\/wp-content\/uploads\/2019\/12\/logo_angouleme_unesco.jpg","contentUrl":"https:\/\/creativebd-angouleme.inovawork.net\/wp-content\/uploads\/2019\/12\/logo_angouleme_unesco.jpg","width":2079,"height":1060,"caption":"Mairie d'Angoul\u00eame"},"image":{"@id":"https:\/\/creativebd-angouleme.inovawork.net\/#logo"}},{"@type":"WebSite","@id":"https:\/\/creativebd-angouleme.inovawork.net\/#website","url":"https:\/\/creativebd-angouleme.inovawork.net\/","name":"Angoul\u00eame Ville Cr\u00e9ative","description":"Angoul\u00eame Ville Cr\u00e9ative de l&#039;UNESCO","publisher":{"@id":"https:\/\/creativebd-angouleme.inovawork.net\/#organization"},"potentialAction":[{"@type":"SearchAction","target":{"@type":"EntryPoint","urlTemplate":"https:\/\/creativebd-angouleme.inovawork.net\/?s={search_term_string}"},"query-input":"required name=search_term_string"}],"inLanguage":"en-US"},{"@type":"WebPage","@id":"https:\/\/creativebd-angouleme.inovawork.net\/en\/creative-city\/our-9-major-assets\/#webpage","url":"https:\/\/creativebd-angouleme.inovawork.net\/en\/creative-city\/our-9-major-assets\/","name":"Angoul\u00eame Ville Cr\u00e9ative","isPartOf":{"@id":"https:\/\/creativebd-angouleme.inovawork.net\/#website"},"datePublished":"2021-03-11T09:03:22+00:00","dateModified":"2021-03-12T15:40:12+00:00","description":"Our 9 major assets","breadcrumb":{"@id":"https:\/\/creativebd-angouleme.inovawork.net\/en\/creative-city\/our-9-major-assets\/#breadcrumb"},"inLanguage":"en-US","potentialAction":[{"@type":"ReadAction","target":["https:\/\/creativebd-angouleme.inovawork.net\/en\/creative-city\/our-9-major-assets\/"]}]},{"@type":"BreadcrumbList","@id":"https:\/\/creativebd-angouleme.inovawork.net\/en\/creative-city\/our-9-major-assets\/#breadcrumb","itemListElement":[{"@type":"ListItem","position":1,"name":"Accueil","item":"https:\/\/creativebd-angouleme.inovawork.net\/en\/"},{"@type":"ListItem","position":2,"name":"Creative City","item":"https:\/\/creativebd-angouleme.inovawork.net\/en\/creative-city\/"},{"@type":"ListItem","position":3,"name":"Our 9 major assets"}]}]}},"_links":{"self":[{"href":"https:\/\/creativebd-angouleme.inovawork.net\/en\/wp-json\/wp\/v2\/pages\/80215"}],"collection":[{"href":"https:\/\/creativebd-angouleme.inovawork.net\/en\/wp-json\/wp\/v2\/pages"}],"about":[{"href":"https:\/\/creativebd-angouleme.inovawork.net\/en\/wp-json\/wp\/v2\/types\/page"}],"author":[{"embeddable":true,"href":"https:\/\/creativebd-angouleme.inovawork.net\/en\/wp-json\/wp\/v2\/users\/7"}],"replies":[{"embeddable":true,"href":"https:\/\/creativebd-angouleme.inovawork.net\/en\/wp-json\/wp\/v2\/comments?post=80215"}],"version-history":[{"count":2,"href":"https:\/\/creativebd-angouleme.inovawork.net\/en\/wp-json\/wp\/v2\/pages\/80215\/revisions"}],"predecessor-version":[{"id":80222,"href":"https:\/\/creativebd-angouleme.inovawork.net\/en\/wp-json\/wp\/v2\/pages\/80215\/revisions\/80222"}],"up":[{"embeddable":true,"href":"https:\/\/creativebd-angouleme.inovawork.net\/en\/wp-json\/wp\/v2\/pages\/79226"}],"wp:attachment":[{"href":"https:\/\/creativebd-angouleme.inovawork.net\/en\/wp-json\/wp\/v2\/media?parent=80215"}],"curies":[{"name":"wp","href":"https:\/\/api.w.org\/{rel}","templated":true}]}}