{"id":80206,"date":"2021-01-29T16:46:05","date_gmt":"2021-01-29T15:46:05","guid":{"rendered":"https:\/\/creativebd-angouleme.inovawork.net\/creative-city\/nos-9-actions\/"},"modified":"2021-03-12T16:36:02","modified_gmt":"2021-03-12T15:36:02","slug":"our-9-actions","status":"publish","type":"page","link":"https:\/\/creativebd-angouleme.inovawork.net\/en\/creative-city\/our-9-actions\/","title":{"rendered":"Our 9 actions"},"content":{"rendered":"<p>[vc_row][vc_column width=&#8221;1\/1&#8243;][vc_column_text]\n\n<div id=\"wk-grid0f9\" class=\"uk-grid-width-1-1 uk-grid-width-medium-1-3 uk-grid-width-large-1-3 uk-grid-width-xlarge-1-3 uk-grid uk-grid-match uk-text-left \" data-uk-grid-match=\"{target:'> div > .uk-panel', row:true}\" data-uk-grid-margin  data-uk-scrollspy=\"{cls:'uk-animation-scale-up uk-invisible', target:'> div > .uk-panel', delay:300}\">\n\n\n    <div>\n        <div class=\"uk-panel uk-panel-box uk-panel-box-primary uk-invisible\">\n\n            \n            \n            \n            \n                        <h3 class=\"uk-h1 uk-margin-top-remove\">\n\n                                    <a class=\"uk-link-reset\" href=\"https:\/\/creativebd-angouleme.inovawork.net\/en\/category\/goals-plan\/1-leading\/\">1 \u2022 Leading international discussions on Comic Art<\/a>\n                \n                \n            <\/h3>\n            \n            \n            \n                        <div class=\"uk-margin\"><p>OOpen the National Comics Meeting at an international level.<\/p>\n<\/div>\n            \n            \n                        <p><a class=\"uk-button uk-button-large\" href=\"https:\/\/creativebd-angouleme.inovawork.net\/en\/category\/goals-plan\/1-leading\/\">Voir les actions<\/a><\/p>\n            \n            \n        <\/div>\n    <\/div>\n\n\n    <div>\n        <div class=\"uk-panel uk-panel-box uk-panel-box-secondary uk-invisible\">\n\n            \n            \n            \n            \n                        <h3 class=\"uk-h1 uk-margin-top-remove\">\n\n                                    <a class=\"uk-link-reset\" href=\"https:\/\/creativebd-angouleme.inovawork.net\/en\/category\/goals-plan\/2-sharing\/\">2 \u2022 Sharing know-how on Comic Art<\/a>\n                \n                \n            <\/h3>\n            \n            \n            \n                        <div class=\"uk-margin\"><p>Support the development of events abroad as well as the creation of a network with all the comic book festivals.<\/p>\n<\/div>\n            \n            \n                        <p><a class=\"uk-button uk-button-large\" href=\"https:\/\/creativebd-angouleme.inovawork.net\/en\/category\/goals-plan\/2-sharing\/\">Voir les actions<\/a><\/p>\n            \n            \n        <\/div>\n    <\/div>\n\n\n    <div>\n        <div class=\"uk-panel uk-panel-box uk-panel-box-primary uk-invisible\">\n\n            \n            \n            \n            \n                        <h3 class=\"uk-h1 uk-margin-top-remove\">\n\n                                    <a class=\"uk-link-reset\" href=\"https:\/\/creativebd-angouleme.inovawork.net\/en\/category\/goals-plan\/3-developing\/\">3 \u2022 Developing hosting capacity for creation<\/a>\n                \n                \n            <\/h3>\n            \n            \n            \n                        <div class=\"uk-margin\"><p>By welcoming authors through residencies, awarding authors grants, and creating an international community of comics authors who have stayed in Angoul\u00eame.<\/p>\n<\/div>\n            \n            \n                        <p><a class=\"uk-button uk-button-large\" href=\"https:\/\/creativebd-angouleme.inovawork.net\/en\/category\/goals-plan\/3-developing\/\">Voir les actions<\/a><\/p>\n            \n            \n        <\/div>\n    <\/div>\n\n\n    <div>\n        <div class=\"uk-panel uk-panel-box uk-panel-box-secondary uk-invisible\">\n\n            \n            \n            \n            \n                        <h3 class=\"uk-h1 uk-margin-top-remove\">\n\n                                    <a class=\"uk-link-reset\" href=\"https:\/\/creativebd-angouleme.inovawork.net\/en\/category\/goals-plan\/4-protecting\/\">4 \u2022 Protecting creation on the international stage<\/a>\n                \n                \n            <\/h3>\n            \n            \n            \n                        <div class=\"uk-margin\"><p>Perpetuate the International Market Rights beyond the International Comics Festival<\/p>\n<\/div>\n            \n            \n                        <p><a class=\"uk-button uk-button-large\" href=\"https:\/\/creativebd-angouleme.inovawork.net\/en\/category\/goals-plan\/4-protecting\/\">Voir les actions<\/a><\/p>\n            \n            \n        <\/div>\n    <\/div>\n\n\n    <div>\n        <div class=\"uk-panel uk-panel-box uk-panel-box-primary uk-invisible\">\n\n            \n            \n            \n            \n                        <h3 class=\"uk-h1 uk-margin-top-remove\">\n\n                                    <a class=\"uk-link-reset\" href=\"https:\/\/creativebd-angouleme.inovawork.net\/en\/category\/goals-plan\/5-shoring-up\/\">5 \u2022 Shoring up social ties with young people through Comic Art<\/a>\n                \n                \n            <\/h3>\n            \n            \n            \n                        <div class=\"uk-margin\"><p>Exchange on pedagogical experiments centred on comics as a social link.<br \/>\nFostering exchanges between schools and their integration to the UNESCO schools network.<br \/>\nDevelop awareness of young people on the preservation of cultural and natural heritage via comics and image.<\/p>\n<\/div>\n            \n            \n                        <p><a class=\"uk-button uk-button-large\" href=\"https:\/\/creativebd-angouleme.inovawork.net\/en\/category\/goals-plan\/5-shoring-up\/\">Voir les actions<\/a><\/p>\n            \n            \n        <\/div>\n    <\/div>\n\n\n    <div>\n        <div class=\"uk-panel uk-panel-box uk-panel-box-secondary uk-invisible\">\n\n            \n            \n            \n            \n                        <h3 class=\"uk-h1 uk-margin-top-remove\">\n\n                                    <a class=\"uk-link-reset\" href=\"https:\/\/creativebd-angouleme.inovawork.net\/en\/category\/goals-plan\/6-defending\/\">6 \u2022 Defending women-led creation<\/a>\n                \n                \n            <\/h3>\n            \n            \n            \n                        <div class=\"uk-margin\"><p>Promoting the place of women in artistic creation (Residences, exhibitions, valorization of productions and awards of authors\u2026)<\/p>\n<\/div>\n            \n            \n                        <p><a class=\"uk-button uk-button-large\" href=\"https:\/\/creativebd-angouleme.inovawork.net\/en\/category\/goals-plan\/6-defending\/\">Voir les actions<\/a><\/p>\n            \n            \n        <\/div>\n    <\/div>\n\n\n    <div>\n        <div class=\"uk-panel uk-panel-box uk-panel-box-primary uk-invisible\">\n\n            \n            \n            \n            \n                        <h3 class=\"uk-h1 uk-margin-top-remove\">\n\n                                    <a class=\"uk-link-reset\" href=\"https:\/\/creativebd-angouleme.inovawork.net\/en\/category\/goals-plan\/7-promoting\/\">7 \u2022 Promoting creation and heritage with an international dimension<\/a>\n                \n                \n            <\/h3>\n            \n            \n            \n                        <div class=\"uk-margin\"><p>Develop co-productions of exhibitions, cross-residencies of authors, scientific co-operation\u2026<br \/>\nEnhancing the international heritage of comics with UNESCO\u2019s memory of the world programme<\/p>\n<\/div>\n            \n            \n                        <p><a class=\"uk-button uk-button-large\" href=\"https:\/\/creativebd-angouleme.inovawork.net\/en\/category\/goals-plan\/7-promoting\/\">Voir les actions<\/a><\/p>\n            \n            \n        <\/div>\n    <\/div>\n\n\n    <div>\n        <div class=\"uk-panel uk-panel-box uk-panel-box-secondary uk-invisible\">\n\n            \n            \n            \n            \n                        <h3 class=\"uk-h1 uk-margin-top-remove\">\n\n                                    <a class=\"uk-link-reset\" href=\"https:\/\/creativebd-angouleme.inovawork.net\/en\/category\/goals-plan\/8-facilitating\/\">8 \u2022 Facilitating access to Comics-based university<\/a>\n                \n                \n            <\/h3>\n            \n            \n            \n                        <div class=\"uk-margin\"><p>Developing the welcoming of foreign students on the image campus and propose a UNESCO comics Chair in connection with the research Federation around the EESI, the CNAM and the University of Poitiers.<\/p>\n<\/div>\n            \n            \n                        <p><a class=\"uk-button uk-button-large\" href=\"https:\/\/creativebd-angouleme.inovawork.net\/en\/category\/goals-plan\/8-facilitating\/\">Voir les actions<\/a><\/p>\n            \n            \n        <\/div>\n    <\/div>\n\n\n    <div>\n        <div class=\"uk-panel uk-panel-box uk-panel-box-primary uk-invisible\">\n\n            \n            \n            \n            \n                        <h3 class=\"uk-h1 uk-margin-top-remove\">\n\n                                    <a class=\"uk-link-reset\" href=\"https:\/\/creativebd-angouleme.inovawork.net\/en\/category\/goals-plan\/9-organising\/\">9 \u2022 Organising spatial planning of the city through Comic Art<\/a>\n                \n                \n            <\/h3>\n            \n            \n            \n                        <div class=\"uk-margin\"><p>Reinforce urban planning around comic strip (concerted strategy, development of the image district, inclusion of comic strips in daily life\u2026) and create an international prize for urban creation around comics and implement the award-winning projects<\/p>\n<\/div>\n            \n            \n                        <p><a class=\"uk-button uk-button-large\" href=\"https:\/\/creativebd-angouleme.inovawork.net\/en\/category\/goals-plan\/9-organising\/\">Voir les actions<\/a><\/p>\n            \n            \n        <\/div>\n    <\/div>\n\n\n<\/div>\n\n<script>\n(function($){\n\n    \/\/ get the images of the gallery and replace it by a canvas of the same size to fix the problem with overlapping images on load.\n    $('img[width][height]:not(.uk-overlay-panel)', $('#wk-grid0f9')).each(function() {\n\n        var $img = $(this);\n\n        if (this.width == 'auto' || this.height == 'auto' || !$img.is(':visible')) {\n            return;\n        }\n\n        var $canvas = $('<canvas class=\"uk-responsive-width\"><\/canvas>').attr({width:$img.attr('width'), height:$img.attr('height')}),\n            img = new Image,\n            release = function() {\n                $canvas.remove();\n                $img.css('display', '');\n                release = function(){};\n            };\n\n        $img.css('display', 'none').after($canvas);\n\n        $(img).on('load', function(){ release(); });\n        setTimeout(function(){ release(); }, 1000);\n\n        img.src = this.src;\n\n    });\n\n})(jQuery);\n<\/script>\n[\/vc_column_text][\/vc_column][\/vc_row][vc_row][vc_column width=&#8221;1\/1&#8243;][vc_empty_space empty_h=&#8221;2&#8243;][\/vc_column][\/vc_row]<\/p>\n","protected":false},"excerpt":{"rendered":"<p>[vc_row][vc_column width=&#8221;1\/1&#8243;][vc_column_text][\/vc_column_text][\/vc_column][\/vc_row][vc_row][vc_column width=&#8221;1\/1&#8243;][vc_empty_space empty_h=&#8221;2&#8243;][\/vc_column][\/vc_row]<\/p>\n","protected":false},"author":7,"featured_media":0,"parent":79226,"menu_order":0,"comment_status":"closed","ping_status":"closed","template":"","meta":[],"yoast_head":"<!-- This site is optimized with the Yoast SEO plugin v18.4.1 - https:\/\/yoast.com\/wordpress\/plugins\/seo\/ -->\n<title>Angoul\u00eame Ville Cr\u00e9ative<\/title>\n<meta name=\"description\" content=\"Our 9 actions\" \/>\n<meta name=\"robots\" content=\"noindex, follow, max-snippet:-1, max-image-preview:large, max-video-preview:-1\" \/>\n<meta property=\"og:locale\" content=\"en_US\" \/>\n<meta property=\"og:type\" content=\"article\" \/>\n<meta property=\"og:title\" content=\"Angoul\u00eame Ville Cr\u00e9ative\" \/>\n<meta property=\"og:description\" content=\"Our 9 actions\" \/>\n<meta property=\"og:url\" content=\"https:\/\/creativebd-angouleme.inovawork.net\/en\/creative-city\/our-9-actions\/\" \/>\n<meta property=\"og:site_name\" content=\"Angoul\u00eame Ville Cr\u00e9ative\" \/>\n<meta property=\"article:modified_time\" content=\"2021-03-12T15:36:02+00:00\" \/>\n<meta name=\"twitter:card\" content=\"summary_large_image\" \/>\n<meta name=\"twitter:label1\" content=\"Est. reading time\" \/>\n\t<meta name=\"twitter:data1\" content=\"1 minute\" \/>\n<script type=\"application\/ld+json\" class=\"yoast-schema-graph\">{\"@context\":\"https:\/\/schema.org\",\"@graph\":[{\"@type\":\"Organization\",\"@id\":\"https:\/\/creativebd-angouleme.inovawork.net\/#organization\",\"name\":\"Mairie d'Angoul\u00eame\",\"url\":\"https:\/\/creativebd-angouleme.inovawork.net\/\",\"sameAs\":[],\"logo\":{\"@type\":\"ImageObject\",\"@id\":\"https:\/\/creativebd-angouleme.inovawork.net\/#logo\",\"inLanguage\":\"en-US\",\"url\":\"https:\/\/creativebd-angouleme.inovawork.net\/wp-content\/uploads\/2019\/12\/logo_angouleme_unesco.jpg\",\"contentUrl\":\"https:\/\/creativebd-angouleme.inovawork.net\/wp-content\/uploads\/2019\/12\/logo_angouleme_unesco.jpg\",\"width\":2079,\"height\":1060,\"caption\":\"Mairie d'Angoul\u00eame\"},\"image\":{\"@id\":\"https:\/\/creativebd-angouleme.inovawork.net\/#logo\"}},{\"@type\":\"WebSite\",\"@id\":\"https:\/\/creativebd-angouleme.inovawork.net\/#website\",\"url\":\"https:\/\/creativebd-angouleme.inovawork.net\/\",\"name\":\"Angoul\u00eame Ville Cr\u00e9ative\",\"description\":\"Angoul\u00eame Ville Cr\u00e9ative de l&#039;UNESCO\",\"publisher\":{\"@id\":\"https:\/\/creativebd-angouleme.inovawork.net\/#organization\"},\"potentialAction\":[{\"@type\":\"SearchAction\",\"target\":{\"@type\":\"EntryPoint\",\"urlTemplate\":\"https:\/\/creativebd-angouleme.inovawork.net\/?s={search_term_string}\"},\"query-input\":\"required name=search_term_string\"}],\"inLanguage\":\"en-US\"},{\"@type\":\"WebPage\",\"@id\":\"https:\/\/creativebd-angouleme.inovawork.net\/en\/creative-city\/our-9-actions\/#webpage\",\"url\":\"https:\/\/creativebd-angouleme.inovawork.net\/en\/creative-city\/our-9-actions\/\",\"name\":\"Angoul\u00eame Ville Cr\u00e9ative\",\"isPartOf\":{\"@id\":\"https:\/\/creativebd-angouleme.inovawork.net\/#website\"},\"datePublished\":\"2021-01-29T15:46:05+00:00\",\"dateModified\":\"2021-03-12T15:36:02+00:00\",\"description\":\"Our 9 actions\",\"breadcrumb\":{\"@id\":\"https:\/\/creativebd-angouleme.inovawork.net\/en\/creative-city\/our-9-actions\/#breadcrumb\"},\"inLanguage\":\"en-US\",\"potentialAction\":[{\"@type\":\"ReadAction\",\"target\":[\"https:\/\/creativebd-angouleme.inovawork.net\/en\/creative-city\/our-9-actions\/\"]}]},{\"@type\":\"BreadcrumbList\",\"@id\":\"https:\/\/creativebd-angouleme.inovawork.net\/en\/creative-city\/our-9-actions\/#breadcrumb\",\"itemListElement\":[{\"@type\":\"ListItem\",\"position\":1,\"name\":\"Accueil\",\"item\":\"https:\/\/creativebd-angouleme.inovawork.net\/en\/\"},{\"@type\":\"ListItem\",\"position\":2,\"name\":\"Creative City\",\"item\":\"https:\/\/creativebd-angouleme.inovawork.net\/en\/creative-city\/\"},{\"@type\":\"ListItem\",\"position\":3,\"name\":\"Our 9 actions\"}]}]}<\/script>\n<!-- \/ Yoast SEO plugin. -->","yoast_head_json":{"title":"Angoul\u00eame Ville Cr\u00e9ative","description":"Our 9 actions","robots":{"index":"noindex","follow":"follow","max-snippet":"max-snippet:-1","max-image-preview":"max-image-preview:large","max-video-preview":"max-video-preview:-1"},"og_locale":"en_US","og_type":"article","og_title":"Angoul\u00eame Ville Cr\u00e9ative","og_description":"Our 9 actions","og_url":"https:\/\/creativebd-angouleme.inovawork.net\/en\/creative-city\/our-9-actions\/","og_site_name":"Angoul\u00eame Ville Cr\u00e9ative","article_modified_time":"2021-03-12T15:36:02+00:00","twitter_card":"summary_large_image","twitter_misc":{"Est. reading time":"1 minute"},"schema":{"@context":"https:\/\/schema.org","@graph":[{"@type":"Organization","@id":"https:\/\/creativebd-angouleme.inovawork.net\/#organization","name":"Mairie d'Angoul\u00eame","url":"https:\/\/creativebd-angouleme.inovawork.net\/","sameAs":[],"logo":{"@type":"ImageObject","@id":"https:\/\/creativebd-angouleme.inovawork.net\/#logo","inLanguage":"en-US","url":"https:\/\/creativebd-angouleme.inovawork.net\/wp-content\/uploads\/2019\/12\/logo_angouleme_unesco.jpg","contentUrl":"https:\/\/creativebd-angouleme.inovawork.net\/wp-content\/uploads\/2019\/12\/logo_angouleme_unesco.jpg","width":2079,"height":1060,"caption":"Mairie d'Angoul\u00eame"},"image":{"@id":"https:\/\/creativebd-angouleme.inovawork.net\/#logo"}},{"@type":"WebSite","@id":"https:\/\/creativebd-angouleme.inovawork.net\/#website","url":"https:\/\/creativebd-angouleme.inovawork.net\/","name":"Angoul\u00eame Ville Cr\u00e9ative","description":"Angoul\u00eame Ville Cr\u00e9ative de l&#039;UNESCO","publisher":{"@id":"https:\/\/creativebd-angouleme.inovawork.net\/#organization"},"potentialAction":[{"@type":"SearchAction","target":{"@type":"EntryPoint","urlTemplate":"https:\/\/creativebd-angouleme.inovawork.net\/?s={search_term_string}"},"query-input":"required name=search_term_string"}],"inLanguage":"en-US"},{"@type":"WebPage","@id":"https:\/\/creativebd-angouleme.inovawork.net\/en\/creative-city\/our-9-actions\/#webpage","url":"https:\/\/creativebd-angouleme.inovawork.net\/en\/creative-city\/our-9-actions\/","name":"Angoul\u00eame Ville Cr\u00e9ative","isPartOf":{"@id":"https:\/\/creativebd-angouleme.inovawork.net\/#website"},"datePublished":"2021-01-29T15:46:05+00:00","dateModified":"2021-03-12T15:36:02+00:00","description":"Our 9 actions","breadcrumb":{"@id":"https:\/\/creativebd-angouleme.inovawork.net\/en\/creative-city\/our-9-actions\/#breadcrumb"},"inLanguage":"en-US","potentialAction":[{"@type":"ReadAction","target":["https:\/\/creativebd-angouleme.inovawork.net\/en\/creative-city\/our-9-actions\/"]}]},{"@type":"BreadcrumbList","@id":"https:\/\/creativebd-angouleme.inovawork.net\/en\/creative-city\/our-9-actions\/#breadcrumb","itemListElement":[{"@type":"ListItem","position":1,"name":"Accueil","item":"https:\/\/creativebd-angouleme.inovawork.net\/en\/"},{"@type":"ListItem","position":2,"name":"Creative City","item":"https:\/\/creativebd-angouleme.inovawork.net\/en\/creative-city\/"},{"@type":"ListItem","position":3,"name":"Our 9 actions"}]}]}},"_links":{"self":[{"href":"https:\/\/creativebd-angouleme.inovawork.net\/en\/wp-json\/wp\/v2\/pages\/80206"}],"collection":[{"href":"https:\/\/creativebd-angouleme.inovawork.net\/en\/wp-json\/wp\/v2\/pages"}],"about":[{"href":"https:\/\/creativebd-angouleme.inovawork.net\/en\/wp-json\/wp\/v2\/types\/page"}],"author":[{"embeddable":true,"href":"https:\/\/creativebd-angouleme.inovawork.net\/en\/wp-json\/wp\/v2\/users\/7"}],"replies":[{"embeddable":true,"href":"https:\/\/creativebd-angouleme.inovawork.net\/en\/wp-json\/wp\/v2\/comments?post=80206"}],"version-history":[{"count":5,"href":"https:\/\/creativebd-angouleme.inovawork.net\/en\/wp-json\/wp\/v2\/pages\/80206\/revisions"}],"predecessor-version":[{"id":80217,"href":"https:\/\/creativebd-angouleme.inovawork.net\/en\/wp-json\/wp\/v2\/pages\/80206\/revisions\/80217"}],"up":[{"embeddable":true,"href":"https:\/\/creativebd-angouleme.inovawork.net\/en\/wp-json\/wp\/v2\/pages\/79226"}],"wp:attachment":[{"href":"https:\/\/creativebd-angouleme.inovawork.net\/en\/wp-json\/wp\/v2\/media?parent=80206"}],"curies":[{"name":"wp","href":"https:\/\/api.w.org\/{rel}","templated":true}]}}