{"id":80200,"date":"2021-03-05T11:55:36","date_gmt":"2021-03-05T10:55:36","guid":{"rendered":"https:\/\/creativebd-angouleme.inovawork.net\/creative-city\/les-villes-creatives-litterature\/"},"modified":"2021-03-12T16:36:35","modified_gmt":"2021-03-12T15:36:35","slug":"the-creative-cities-literature","status":"publish","type":"page","link":"https:\/\/creativebd-angouleme.inovawork.net\/en\/creative-city\/the-creative-cities-literature\/","title":{"rendered":"The creative cities literature"},"content":{"rendered":"<p>[vc_row][vc_column][vc_custom_heading heading_semantic=&#8221;h3&#8243; text_size=&#8221;h3&#8243;]and the french creative cities (all fields).[\/vc_custom_heading][vc_raw_html]JTNDaWZyYW1lJTIwc3JjJTNEJTIyJTJGJTJGdW1hcC5vcGVuc3RyZWV0bWFwLmZyJTJGZnIlMkZtYXAlMkZ1bmVzY28tdmlsbGVzLWNyZWF0aXZlc180ODUyNTUlM0ZzY2FsZUNvbnRyb2wlM0RmYWxzZSUyNmFtcCUzQm1pbmlNYXAlM0RmYWxzZSUyNmFtcCUzQnNjcm9sbFdoZWVsWm9vbSUzRGZhbHNlJTI2YW1wJTNCem9vbUNvbnRyb2wlM0R0cnVlJTI2YW1wJTNCYWxsb3dFZGl0JTNEZmFsc2UlMjZhbXAlM0Jtb3JlQ29udHJvbCUzRHRydWUlMjZhbXAlM0JzZWFyY2hDb250cm9sJTNEbnVsbCUyNmFtcCUzQnRpbGVsYXllcnNDb250cm9sJTNEbnVsbCUyNmFtcCUzQmVtYmVkQ29udHJvbCUzRG51bGwlMjZhbXAlM0JkYXRhbGF5ZXJzQ29udHJvbCUzRHRydWUlMjZhbXAlM0JvbkxvYWRQYW5lbCUzRHVuZGVmaW5lZCUyNmFtcCUzQmNhcHRpb25CYXIlM0RmYWxzZSUyMiUyMHdpZHRoJTNEJTIyMTAwJTI1JTIyJTIwaGVpZ2h0JTNEJTIyNzAwcHglMjIlMjBmcmFtZWJvcmRlciUzRCUyMjAlMjIlMjBhbGxvd2Z1bGxzY3JlZW4lM0QlMjJhbGxvd2Z1bGxzY3JlZW4lMjIlM0UlM0MlMkZpZnJhbWUlM0U=[\/vc_raw_html][\/vc_column][\/vc_row]<\/p>\n","protected":false},"excerpt":{"rendered":"<p>The creative cities literature and all french creative cities (all fields)<\/p>\n","protected":false},"author":7,"featured_media":0,"parent":79226,"menu_order":0,"comment_status":"closed","ping_status":"closed","template":"","meta":[],"yoast_head":"<!-- This site is optimized with the Yoast SEO plugin v18.4.1 - https:\/\/yoast.com\/wordpress\/plugins\/seo\/ -->\n<title>Angoul\u00eame Ville Cr\u00e9ative<\/title>\n<meta name=\"description\" content=\"The creative cities literature\" \/>\n<meta name=\"robots\" content=\"noindex, follow, max-snippet:-1, max-image-preview:large, max-video-preview:-1\" \/>\n<meta property=\"og:locale\" content=\"en_US\" \/>\n<meta property=\"og:type\" content=\"article\" \/>\n<meta property=\"og:title\" content=\"Angoul\u00eame Ville Cr\u00e9ative\" \/>\n<meta property=\"og:description\" content=\"The creative cities literature\" \/>\n<meta property=\"og:url\" content=\"https:\/\/creativebd-angouleme.inovawork.net\/en\/creative-city\/the-creative-cities-literature\/\" \/>\n<meta property=\"og:site_name\" content=\"Angoul\u00eame Ville Cr\u00e9ative\" \/>\n<meta property=\"article:modified_time\" content=\"2021-03-12T15:36:35+00:00\" \/>\n<meta name=\"twitter:card\" content=\"summary_large_image\" \/>\n<meta name=\"twitter:label1\" content=\"Est. reading time\" \/>\n\t<meta name=\"twitter:data1\" content=\"1 minute\" \/>\n<script type=\"application\/ld+json\" class=\"yoast-schema-graph\">{\"@context\":\"https:\/\/schema.org\",\"@graph\":[{\"@type\":\"Organization\",\"@id\":\"https:\/\/creativebd-angouleme.inovawork.net\/#organization\",\"name\":\"Mairie d'Angoul\u00eame\",\"url\":\"https:\/\/creativebd-angouleme.inovawork.net\/\",\"sameAs\":[],\"logo\":{\"@type\":\"ImageObject\",\"@id\":\"https:\/\/creativebd-angouleme.inovawork.net\/#logo\",\"inLanguage\":\"en-US\",\"url\":\"https:\/\/creativebd-angouleme.inovawork.net\/wp-content\/uploads\/2019\/12\/logo_angouleme_unesco.jpg\",\"contentUrl\":\"https:\/\/creativebd-angouleme.inovawork.net\/wp-content\/uploads\/2019\/12\/logo_angouleme_unesco.jpg\",\"width\":2079,\"height\":1060,\"caption\":\"Mairie d'Angoul\u00eame\"},\"image\":{\"@id\":\"https:\/\/creativebd-angouleme.inovawork.net\/#logo\"}},{\"@type\":\"WebSite\",\"@id\":\"https:\/\/creativebd-angouleme.inovawork.net\/#website\",\"url\":\"https:\/\/creativebd-angouleme.inovawork.net\/\",\"name\":\"Angoul\u00eame Ville Cr\u00e9ative\",\"description\":\"Angoul\u00eame Ville Cr\u00e9ative de l&#039;UNESCO\",\"publisher\":{\"@id\":\"https:\/\/creativebd-angouleme.inovawork.net\/#organization\"},\"potentialAction\":[{\"@type\":\"SearchAction\",\"target\":{\"@type\":\"EntryPoint\",\"urlTemplate\":\"https:\/\/creativebd-angouleme.inovawork.net\/?s={search_term_string}\"},\"query-input\":\"required name=search_term_string\"}],\"inLanguage\":\"en-US\"},{\"@type\":\"WebPage\",\"@id\":\"https:\/\/creativebd-angouleme.inovawork.net\/en\/creative-city\/the-creative-cities-literature\/#webpage\",\"url\":\"https:\/\/creativebd-angouleme.inovawork.net\/en\/creative-city\/the-creative-cities-literature\/\",\"name\":\"Angoul\u00eame Ville Cr\u00e9ative\",\"isPartOf\":{\"@id\":\"https:\/\/creativebd-angouleme.inovawork.net\/#website\"},\"datePublished\":\"2021-03-05T10:55:36+00:00\",\"dateModified\":\"2021-03-12T15:36:35+00:00\",\"description\":\"The creative cities literature\",\"breadcrumb\":{\"@id\":\"https:\/\/creativebd-angouleme.inovawork.net\/en\/creative-city\/the-creative-cities-literature\/#breadcrumb\"},\"inLanguage\":\"en-US\",\"potentialAction\":[{\"@type\":\"ReadAction\",\"target\":[\"https:\/\/creativebd-angouleme.inovawork.net\/en\/creative-city\/the-creative-cities-literature\/\"]}]},{\"@type\":\"BreadcrumbList\",\"@id\":\"https:\/\/creativebd-angouleme.inovawork.net\/en\/creative-city\/the-creative-cities-literature\/#breadcrumb\",\"itemListElement\":[{\"@type\":\"ListItem\",\"position\":1,\"name\":\"Accueil\",\"item\":\"https:\/\/creativebd-angouleme.inovawork.net\/en\/\"},{\"@type\":\"ListItem\",\"position\":2,\"name\":\"Creative City\",\"item\":\"https:\/\/creativebd-angouleme.inovawork.net\/en\/creative-city\/\"},{\"@type\":\"ListItem\",\"position\":3,\"name\":\"The creative cities literature\"}]}]}<\/script>\n<!-- \/ Yoast SEO plugin. -->","yoast_head_json":{"title":"Angoul\u00eame Ville Cr\u00e9ative","description":"The creative cities literature","robots":{"index":"noindex","follow":"follow","max-snippet":"max-snippet:-1","max-image-preview":"max-image-preview:large","max-video-preview":"max-video-preview:-1"},"og_locale":"en_US","og_type":"article","og_title":"Angoul\u00eame Ville Cr\u00e9ative","og_description":"The creative cities literature","og_url":"https:\/\/creativebd-angouleme.inovawork.net\/en\/creative-city\/the-creative-cities-literature\/","og_site_name":"Angoul\u00eame Ville Cr\u00e9ative","article_modified_time":"2021-03-12T15:36:35+00:00","twitter_card":"summary_large_image","twitter_misc":{"Est. reading time":"1 minute"},"schema":{"@context":"https:\/\/schema.org","@graph":[{"@type":"Organization","@id":"https:\/\/creativebd-angouleme.inovawork.net\/#organization","name":"Mairie d'Angoul\u00eame","url":"https:\/\/creativebd-angouleme.inovawork.net\/","sameAs":[],"logo":{"@type":"ImageObject","@id":"https:\/\/creativebd-angouleme.inovawork.net\/#logo","inLanguage":"en-US","url":"https:\/\/creativebd-angouleme.inovawork.net\/wp-content\/uploads\/2019\/12\/logo_angouleme_unesco.jpg","contentUrl":"https:\/\/creativebd-angouleme.inovawork.net\/wp-content\/uploads\/2019\/12\/logo_angouleme_unesco.jpg","width":2079,"height":1060,"caption":"Mairie d'Angoul\u00eame"},"image":{"@id":"https:\/\/creativebd-angouleme.inovawork.net\/#logo"}},{"@type":"WebSite","@id":"https:\/\/creativebd-angouleme.inovawork.net\/#website","url":"https:\/\/creativebd-angouleme.inovawork.net\/","name":"Angoul\u00eame Ville Cr\u00e9ative","description":"Angoul\u00eame Ville Cr\u00e9ative de l&#039;UNESCO","publisher":{"@id":"https:\/\/creativebd-angouleme.inovawork.net\/#organization"},"potentialAction":[{"@type":"SearchAction","target":{"@type":"EntryPoint","urlTemplate":"https:\/\/creativebd-angouleme.inovawork.net\/?s={search_term_string}"},"query-input":"required name=search_term_string"}],"inLanguage":"en-US"},{"@type":"WebPage","@id":"https:\/\/creativebd-angouleme.inovawork.net\/en\/creative-city\/the-creative-cities-literature\/#webpage","url":"https:\/\/creativebd-angouleme.inovawork.net\/en\/creative-city\/the-creative-cities-literature\/","name":"Angoul\u00eame Ville Cr\u00e9ative","isPartOf":{"@id":"https:\/\/creativebd-angouleme.inovawork.net\/#website"},"datePublished":"2021-03-05T10:55:36+00:00","dateModified":"2021-03-12T15:36:35+00:00","description":"The creative cities literature","breadcrumb":{"@id":"https:\/\/creativebd-angouleme.inovawork.net\/en\/creative-city\/the-creative-cities-literature\/#breadcrumb"},"inLanguage":"en-US","potentialAction":[{"@type":"ReadAction","target":["https:\/\/creativebd-angouleme.inovawork.net\/en\/creative-city\/the-creative-cities-literature\/"]}]},{"@type":"BreadcrumbList","@id":"https:\/\/creativebd-angouleme.inovawork.net\/en\/creative-city\/the-creative-cities-literature\/#breadcrumb","itemListElement":[{"@type":"ListItem","position":1,"name":"Accueil","item":"https:\/\/creativebd-angouleme.inovawork.net\/en\/"},{"@type":"ListItem","position":2,"name":"Creative City","item":"https:\/\/creativebd-angouleme.inovawork.net\/en\/creative-city\/"},{"@type":"ListItem","position":3,"name":"The creative cities literature"}]}]}},"_links":{"self":[{"href":"https:\/\/creativebd-angouleme.inovawork.net\/en\/wp-json\/wp\/v2\/pages\/80200"}],"collection":[{"href":"https:\/\/creativebd-angouleme.inovawork.net\/en\/wp-json\/wp\/v2\/pages"}],"about":[{"href":"https:\/\/creativebd-angouleme.inovawork.net\/en\/wp-json\/wp\/v2\/types\/page"}],"author":[{"embeddable":true,"href":"https:\/\/creativebd-angouleme.inovawork.net\/en\/wp-json\/wp\/v2\/users\/7"}],"replies":[{"embeddable":true,"href":"https:\/\/creativebd-angouleme.inovawork.net\/en\/wp-json\/wp\/v2\/comments?post=80200"}],"version-history":[{"count":2,"href":"https:\/\/creativebd-angouleme.inovawork.net\/en\/wp-json\/wp\/v2\/pages\/80200\/revisions"}],"predecessor-version":[{"id":80202,"href":"https:\/\/creativebd-angouleme.inovawork.net\/en\/wp-json\/wp\/v2\/pages\/80200\/revisions\/80202"}],"up":[{"embeddable":true,"href":"https:\/\/creativebd-angouleme.inovawork.net\/en\/wp-json\/wp\/v2\/pages\/79226"}],"wp:attachment":[{"href":"https:\/\/creativebd-angouleme.inovawork.net\/en\/wp-json\/wp\/v2\/media?parent=80200"}],"curies":[{"name":"wp","href":"https:\/\/api.w.org\/{rel}","templated":true}]}}