{"id":79608,"date":"2020-07-28T11:33:43","date_gmt":"2020-07-28T09:33:43","guid":{"rendered":"https:\/\/creativebd-angouleme.inovawork.net\/mentions-legales\/"},"modified":"2021-03-12T11:18:43","modified_gmt":"2021-03-12T10:18:43","slug":"legal-notice","status":"publish","type":"page","link":"https:\/\/creativebd-angouleme.inovawork.net\/en\/legal-notice\/","title":{"rendered":"Legal notice"},"content":{"rendered":"<p>[vc_row][vc_column][vc_column_text]<\/p>\r\n<h3>Qui sommes-nous ?<\/h3>\r\n<p data-tadv-p=\"keep\"><strong>Directeur de la Publication<\/strong><\/p>\r\n<p data-tadv-p=\"keep\">Xavier Bonnefont, Maire d&#8217;Angoul\u00eame<\/p>\r\n<p data-tadv-p=\"keep\"><strong>Responsable \u00c9ditorial<\/strong><\/p>\r\n<p data-tadv-p=\"keep\">Sylvain Pothier-Leroux<\/p>\r\n<p data-tadv-p=\"keep\"><strong>Donneur d\u2019ordre, Ma\u00eetre d&#8217;ouvrage<\/strong><\/p>\r\n<p data-tadv-p=\"keep\">Mairie d\u2019Angoul\u00eame \u2022\u00a0Direction de la Communication de la Mairie d\u2019Angoul\u00eame<\/p>\r\n<p data-tadv-p=\"keep\"><strong>R\u00e9alisation, Webmestre, Design<\/strong><\/p>\r\n<p data-tadv-p=\"keep\">Service Communication de la Ville : Bruno VALLADE<\/p>\r\n<hr \/>\r\n<p data-tadv-p=\"keep\">La mairie d&#8217;Angoul\u00eame est responsable du choix de la pr\u00e9sentation des faits et des opinions mentionn\u00e9s sur ce site Internet, qui ne sont pas n\u00e9cessairement ceux de l&#8217;<a href=\"https:\/\/fr.unesco.org\/\">UNESCO<\/a> et qui n\u2019engagent pas l\u2019Organisation.<\/p>\r\n<h3>Cr\u00e9dits photographiques, Illustrations<\/h3>\r\n<p data-tadv-p=\"keep\">Mairie d\u2019Angoul\u00eame, sauf mention contraire sur les documents<\/p>\r\n<h3>Droit d&#8217;auteur, Copyright<\/h3>\r\n<p data-tadv-p=\"keep\">L\u2019ensemble de ce site rel\u00e8ve de la l\u00e9gislation fran\u00e7aise et internationale sur le droit d\u2019auteur et la propri\u00e9t\u00e9 intellectuelle. Tous les droits de reproduction sont r\u00e9serv\u00e9s, y compris pour les documents t\u00e9l\u00e9chargeables et les repr\u00e9sentations iconographiques et photographiques. Toute extraction et\/ou reproduction d\u2019une partie substantielle des informations diffus\u00e9es sur le site est interdite sans l\u2019autorisation expresse et pr\u00e9alable de la Mairie d\u2019Angoul\u00eame. Toutefois, l\u2019extraction et la reproduction des textes de ce site sur support papier est autoris\u00e9e pour un usage exclusivement interne, pour les seuls besoins propres de l\u2019utilisateur et \u00e0 la condition de mentionner de fa\u00e7on claire et pr\u00e9cise la source.<\/p>\r\n<h3>Liens hypertextes<\/h3>\r\n<p data-tadv-p=\"keep\">Les utilisateurs et visiteurs du site Web ne peuvent mettre en place un hyperlien en direction de ce site sans autorisation expresse et pr\u00e9alable de la Mairie d\u2019Angoul\u00eame.<\/p>\r\n<p data-tadv-p=\"keep\">Les liens hypertextes mis en place dans le cadre du site Web d\u00e9di\u00e9 \u00e0 l&#8217;UNESCO de la Ville d\u2019Angoul\u00eame en direction d\u2019autres sites-ressources du r\u00e9seau Internet ne sauraient engager la responsabilit\u00e9 de la Ville d\u2019Angoul\u00eame.<\/p>\r\n<h3>Utilisation des donn\u00e9es personnelles collect\u00e9es<\/h3>\r\n<p data-tadv-p=\"keep\">Les donn\u00e9es personnelles recueillies sur le site r\u00e9sultent de la communication volontaire lors du d\u00e9p\u00f4t d&#8217;un message \u00e9lectronique par le biais d&#8217;un formulaire, d&#8217;une inscription volontaire \u00e0 une liste de diffusion ou de la sollicitation d&#8217;un acc\u00e8s r\u00e9serv\u00e9 \u00e0 un espace restreint.<\/p>\r\n<p data-tadv-p=\"keep\">Les courriels ainsi recueillis ne servent qu&#8217;\u00e0 transmettre les \u00e9l\u00e9ments d&#8217;informations demand\u00e9s.<\/p>\r\n<p data-tadv-p=\"keep\">La Mairie d&#8217;Angoul\u00eame s&#8217;engage \u00e0 ne pas divulguer les informations vous concernant. Nous ne vendons, louons ou ne communiquons \u00e0 aucun tiers les donn\u00e9es personnelles fournies par les personnes qui visitent ce site.<\/p>\r\n<p data-tadv-p=\"keep\">En application des articles 27 et 34 de la loi dite \u00ab Informatique et libert\u00e9s \u00bb n\u00b0 78-17 du 6 janvier 1978, vous disposez d\u2019un <a href=\"#droits\">droit de modification ou de suppression des donn\u00e9es<\/a> qui vous concernent.<\/p>\r\n<h4>Commentaires<\/h4>\r\n<p data-tadv-p=\"keep\">Quand vous laissez un commentaire sur notre site Internet, les donn\u00e9es inscrites dans le formulaire de commentaire, mais aussi votre adresse IP et l\u2019agent utilisateur de votre navigateur sont collect\u00e9s pour nous aider \u00e0 la d\u00e9tection des commentaires ind\u00e9sirables.<\/p>\r\n<p data-tadv-p=\"keep\">Une cha\u00eene anonymis\u00e9e cr\u00e9\u00e9e \u00e0 partir de votre adresse de messagerie (\u00e9galement appel\u00e9e hash) peut \u00eatre envoy\u00e9e au service Gravatar pour v\u00e9rifier si vous utilisez ce dernier. Les clauses de confidentialit\u00e9 du service Gravatar sont disponibles ici : https:\/\/automattic.com\/privacy\/. Apr\u00e8s validation de votre commentaire, votre photo de profil sera visible publiquement \u00e0 cot\u00e9 de votre commentaire.<\/p>\r\n<p data-tadv-p=\"keep\">Nous r\u00e9coltons des informations sur les visiteurs qui commentent sur les sites en utilisant Akismet, notre service contre les ind\u00e9sirables. Ces informations r\u00e9colt\u00e9es d\u00e9pendent des r\u00e9glages Akismet effectu\u00e9s par l\u2019utilisateur sur le site, et incluent g\u00e9n\u00e9ralement l\u2019adresse IP des commentateurs, l\u2019agent utilisateur, le r\u00e9f\u00e9rent et l\u2019URL du site (ainsi que d\u2019autres informations fournies directement par le commentateur comme leur nom, identifiant, adresse e-mail et leur commentaire).<\/p>\r\n<h3>M\u00e9dias<\/h3>\r\n<p data-tadv-p=\"keep\">Si vous \u00eates un utilisateur ou une utilisatrice enregistr\u00e9\u00b7e et que vous t\u00e9l\u00e9versez des images sur le site Internet, nous vous conseillons d\u2019\u00e9viter de t\u00e9l\u00e9verser des images contenant des donn\u00e9es EXIF de coordonn\u00e9es GPS. Les visiteurs de votre site web peuvent t\u00e9l\u00e9charger et extraire des donn\u00e9es de localisation depuis ces images.<\/p>\r\n<h4>Formulaires de contact<\/h4>\r\n<p class=\"privacy-policy-tutorial\">Lorsque vous compl\u00e9tez un des formulaires de contact, les donn\u00e9es personnelles qui vous nous fournissez sont enregistr\u00e9es lors de la soumission du formulaire.<\/p>\r\n<h4><a id=\"cookies\"><\/a>Cookies<\/h4>\r\n<p data-tadv-p=\"keep\">Cette rubrique vous permet d&#8217;en savoir plus sur l&#8217;origine et l&#8217;usage des informations de navigation trait\u00e9es \u00e0 l&#8217;occasion de votre consultation de notre site creativebd-angouleme.inovawork.net.<\/p>\r\n<p data-tadv-p=\"keep\">Lors de votre consultation du site, des informations relatives \u00e0 votre navigation sont susceptibles d&#8217;\u00eatre enregistr\u00e9es dans des fichiers appel\u00e9s &#8220;Cookies&#8221; install\u00e9s sur votre terminal (ordinateur, tablette, Smartphone, etc.).<\/p>\r\n<p data-tadv-p=\"keep\">Ces cookies sont \u00e9mis par maam-angouleme.inovawork.net ou par des partenaires tiers dans le but de faciliter votre navigation sur notre site. Ces cookies ont pour but de collecter et de stocker des informations relatives \u00e0 votre navigation sur le site afin de vous adresser des services personnalis\u00e9s.<\/p>\r\n<p data-tadv-p=\"keep\"><strong>Qu&#8217;est-ce qu&#8217;un cookie ?<\/strong><\/p>\r\n<p data-tadv-p=\"keep\">Un cookie est un petit fichier contenant diverses informations textuelles. Il est d\u00e9pos\u00e9 sur votre terminal (ordinateur, tablette, smartphone&#8230;) via votre navigateur, par le site web que vous visitez.<\/p>\r\n<p data-tadv-p=\"keep\"><strong>Les diff\u00e9rents types de cookie<\/strong><\/p>\r\n<p data-tadv-p=\"keep\">On distingue 4 types de cookies :<\/p>\r\n<ul>\r\n<li><strong>les cookies strictement n\u00e9cessaires<\/strong>. Ils sont indispensables au fonctionnement de notre site et vous permettent d&#8217;acc\u00e9der notamment \u00e0 des espaces s\u00e9curis\u00e9s tels que votre panier, votre compte etc. Sans ces cookies, il ne serait pas possible d&#8217;utiliser notre site dans des conditions normales.<\/li>\r\n<li><strong>Les cookies analytiques ou de performance<\/strong>. Ces cookies nous permettent de conna\u00eetre l&#8217;utilisation et les performances de notre site et d&#8217;en am\u00e9liorer le fonctionnement. Ils portent par exemple sur les pages les plus consult\u00e9es, les requ\u00eates faites dans notre moteur de recherche etc.<\/li>\r\n<li><strong>Les cookies fonctionnels<\/strong>. Ces cookies nous permettent de m\u00e9moriser les choix que vous faites dans le but d&#8217;am\u00e9liorer votre exp\u00e9rience sur notre site. Ils sont par exemple utilis\u00e9s pour vous reconna\u00eetre lorsque vous revenez sur notre site, pour retenir les choix que vous avez fait comme par exemple votre magasin pr\u00e9f\u00e9r\u00e9, les articles que vous avez mis au panier etc.) et fournissent des \u00e9l\u00e9ments am\u00e9lior\u00e9s et personnalis\u00e9s.<\/li>\r\n<li><strong>Les cookies publicitaires<\/strong>. Ces cookies collectent des informations sur vos habitudes de navigation dans le but de vous pr\u00e9senter des publicit\u00e9s adapt\u00e9es \u00e0 vos centres d&#8217;int\u00e9r\u00eat. Ces cookies enregistrent votre visite sur notre site, les pages que vous avez visit\u00e9es et les liens que vous avez suivis ainsi que votre navigation en dehors de notre site. Ils sont \u00e9galement utilis\u00e9s pour limiter le nombre de fois o\u00f9 vous voyez une publicit\u00e9 ainsi que pour mesurer l&#8217;efficacit\u00e9 des campagnes publicitaires. Ils sont g\u00e9n\u00e9ralement plac\u00e9s par des tiers avec notre permission. Le refus de ce type de cookie n&#8217;a pas d&#8217;impact sur l&#8217;utilisation de notre site et n&#8217;emp\u00eache pas l&#8217;affichage de la publicit\u00e9 sur notre site ou sur Internet de mani\u00e8re g\u00e9n\u00e9rale.<\/li>\r\n<\/ul>\r\n<p data-tadv-p=\"keep\"><strong>Comment accepter\/refuser l&#8217;utilisation de cookies ?<\/strong><\/p>\r\n<p data-tadv-p=\"keep\">Vous pouvez accepter l&#8217;utilisation des cookies ou choisir \u00e0 tout moment de les d\u00e9sactiver. Le param\u00e9trage se fait g\u00e9n\u00e9ralement depuis votre navigateur. Celui-ci peut \u00eatre param\u00e9tr\u00e9 pour vous signaler les cookies qui sont d\u00e9pos\u00e9s sur votre terminal et vous demander de les accepter ou non. Vous pouvez accepter ou refuser les cookies au cas par cas selon l&#8217;\u00e9metteur ou bien les refuser syst\u00e9matiquement une fois pour toutes.<\/p>\r\n<p data-tadv-p=\"keep\">Nous vous rappelons que le param\u00e9trage est susceptible de modifier vos conditions d&#8217;acc\u00e8s \u00e0 nos services n\u00e9cessitant l&#8217;utilisation de cookies. Si votre navigateur est configur\u00e9 de mani\u00e8re \u00e0 refuser l&#8217;ensemble des cookies, vous ne pourrez pas par exemple effectuer d&#8217;achats ou profiter de fonctions essentielles de notre site. Afin de g\u00e9rer au mieux les cookies en fonction de vos attentes, nous vous invitons \u00e0 param\u00e9trer votre navigateur en tenant compte de la finalit\u00e9 des cookies telle que mentionn\u00e9e.<\/p>\r\n<p data-tadv-p=\"keep\">Pour \u00e9viter de stocker des cookies via votre navigateur ou supprimer les cookies d\u00e9j\u00e0 pr\u00e9sents, vous pouvez modifier les param\u00e8tres de votre navigateur. L&#8217;acc\u00e8s \u00e0 cette fonctionnalit\u00e9 se fait via le menu &#8220;Options&#8221; ou &#8220;Pr\u00e9f\u00e9rences&#8221; de votre navigateur. La configuration de chaque navigateur est diff\u00e9rente. Elle est d\u00e9crite dans le menu d&#8217;aide de votre navigateur, qui vous permettra de savoir de quelle mani\u00e8re modifier vos souhaits en mati\u00e8re de cookies. Voici les liens pour vous aider des principaux navigateurs utilis\u00e9s ainsi que les instructions d\u00e9taill\u00e9es pour chaque navigateur :<\/p>\r\n<ul>\r\n<li><a href=\"https:\/\/support.mozilla.org\/fr\/kb\/activer-desactiver-cookies\">Firefox<\/a><\/li>\r\n<li><a href=\"https:\/\/support.google.com\/chrome\/answer\/95647?hl=fr\">Chrome<\/a><\/li>\r\n<li><a href=\"http:\/\/windows.microsoft.com\/fr-FR\/internet-explorer\/delete-manage-cookies#ie=ie-9\">Explorer<\/a><\/li>\r\n<li><a href=\"http:\/\/support.apple.com\/kb\/PH17191?viewlocale=fr_FR\">Safari<\/a><\/li>\r\n<li><a href=\"http:\/\/help.opera.com\/Windows\/10.20\/fr\/cookies.html\">Opera<\/a><\/li>\r\n<li><a href=\"http:\/\/support.apple.com\/kb\/HT1677?viewlocale=fr_FR\">iOS<\/a><\/li>\r\n<li><a href=\"http:\/\/www.wikihow.com\/Disable-Cookies#Android_Devices\">Android<\/a><\/li>\r\n<li><a href=\"http:\/\/docs.blackberry.com\/en\/smartphone_users\/deliverables\/32004\/Turn_off_cookies_in_the_browser_60_1072866_11.jsp\">Blackberry<\/a><\/li>\r\n<li><a href=\"http:\/\/docs.blackberry.com\/en\/smartphone_users\/deliverables\/32004\/Turn_off_cookies_in_the_browser_60_1072866_11.jsp\">Windows Phone<\/a><\/li>\r\n<\/ul>\r\n<h4>Dur\u00e9e de stockage des donn\u00e9es<\/h4>\r\n<p data-tadv-p=\"keep\">Si vous laissez un commentaire, le commentaire et ses m\u00e9tadonn\u00e9es sont conserv\u00e9s ind\u00e9finiment. Cela permet de reconna\u00eetre et approuver automatiquement les commentaires suivants au lieu de les laisser dans la file de mod\u00e9ration.<\/p>\r\n<p data-tadv-p=\"keep\">Pour les utilisateurs et utilisatrices qui s\u2019enregistrent sur notre site, nous stockons \u00e9galement les donn\u00e9es personnelles indiqu\u00e9es dans leur profil. Tous les utilisateurs et utilisatrices peuvent voir, modifier ou supprimer leurs informations personnelles \u00e0 tout moment (\u00e0 l\u2019exception de leur nom d\u2019utilisateur\u00b7ice). Les gestionnaires du site peuvent aussi voir et modifier ces informations.<\/p>\r\n<p data-tadv-p=\"keep\">Nous conservons les donn\u00e9es que vous nous transmettez via les formulaires de contact pendant la dur\u00e9e de leur traitement.<\/p>\r\n<h4><a id=\"droits\"><\/a>Les droits que vous avez sur vos donn\u00e9es<\/h4>\r\n<p data-tadv-p=\"keep\">Si vous avez un compte ou si vous avez laiss\u00e9 des commentaires sur le site, vous pouvez demander \u00e0 recevoir un fichier contenant toutes les donn\u00e9es personnelles que nous poss\u00e9dons \u00e0 votre sujet, incluant celles que vous nous avez fournies. Vous pouvez \u00e9galement demander la suppression des donn\u00e9es personnelles vous concernant. Cela ne prend pas en compte les donn\u00e9es stock\u00e9es \u00e0 des fins administratives, l\u00e9gales ou pour des raisons de s\u00e9curit\u00e9.<\/p>\r\n<p data-tadv-p=\"keep\">Les droits d\u2019acc\u00e8s et de rectification s\u2019exercent aupr\u00e8s de la Direction de la Communication de la Mairie d\u2019Angoul\u00eame.<\/p>\r\n<p data-tadv-p=\"keep\">Si vous souhaitez exercer ce droit, vous pouvez, \u00e0 tout moment, \u00e9crire \u00e0 la Direction de la Communication \u2022 1 Place de l&#8217;H\u00f4tel de Ville \u2022 16000 Angoul\u00eame.<\/p>\r\n<p>[\/vc_column_text][\/vc_column][\/vc_row]<\/p>","protected":false},"excerpt":{"rendered":"<p>[vc_row][vc_column][vc_column_text] Qui sommes-nous ? Directeur de la Publication Xavier Bonnefont, Maire d&#8217;Angoul\u00eame Responsable \u00c9ditorial Sylvain Pothier-Leroux Donneur d\u2019ordre, Ma\u00eetre d&#8217;ouvrage [&hellip;]<\/p>\n","protected":false},"author":7,"featured_media":0,"parent":0,"menu_order":0,"comment_status":"closed","ping_status":"closed","template":"","meta":[],"yoast_head":"<!-- This site is optimized with the Yoast SEO plugin v18.4.1 - https:\/\/yoast.com\/wordpress\/plugins\/seo\/ -->\n<title>Angoul\u00eame Ville Cr\u00e9ative<\/title>\n<meta name=\"description\" content=\"Legal notice\" \/>\n<meta name=\"robots\" content=\"noindex, follow, max-snippet:-1, max-image-preview:large, max-video-preview:-1\" \/>\n<meta property=\"og:locale\" content=\"en_US\" \/>\n<meta property=\"og:type\" content=\"article\" \/>\n<meta property=\"og:title\" content=\"Angoul\u00eame Ville Cr\u00e9ative\" \/>\n<meta property=\"og:description\" content=\"Legal notice\" \/>\n<meta property=\"og:url\" content=\"https:\/\/creativebd-angouleme.inovawork.net\/en\/legal-notice\/\" \/>\n<meta property=\"og:site_name\" content=\"Angoul\u00eame Ville Cr\u00e9ative\" \/>\n<meta property=\"article:modified_time\" content=\"2021-03-12T10:18:43+00:00\" \/>\n<meta name=\"twitter:card\" content=\"summary_large_image\" \/>\n<meta name=\"twitter:label1\" content=\"Est. reading time\" \/>\n\t<meta name=\"twitter:data1\" content=\"7 minutes\" \/>\n<script type=\"application\/ld+json\" class=\"yoast-schema-graph\">{\"@context\":\"https:\/\/schema.org\",\"@graph\":[{\"@type\":\"Organization\",\"@id\":\"https:\/\/creativebd-angouleme.inovawork.net\/#organization\",\"name\":\"Mairie d'Angoul\u00eame\",\"url\":\"https:\/\/creativebd-angouleme.inovawork.net\/\",\"sameAs\":[],\"logo\":{\"@type\":\"ImageObject\",\"@id\":\"https:\/\/creativebd-angouleme.inovawork.net\/#logo\",\"inLanguage\":\"en-US\",\"url\":\"https:\/\/creativebd-angouleme.inovawork.net\/wp-content\/uploads\/2019\/12\/logo_angouleme_unesco.jpg\",\"contentUrl\":\"https:\/\/creativebd-angouleme.inovawork.net\/wp-content\/uploads\/2019\/12\/logo_angouleme_unesco.jpg\",\"width\":2079,\"height\":1060,\"caption\":\"Mairie d'Angoul\u00eame\"},\"image\":{\"@id\":\"https:\/\/creativebd-angouleme.inovawork.net\/#logo\"}},{\"@type\":\"WebSite\",\"@id\":\"https:\/\/creativebd-angouleme.inovawork.net\/#website\",\"url\":\"https:\/\/creativebd-angouleme.inovawork.net\/\",\"name\":\"Angoul\u00eame Ville Cr\u00e9ative\",\"description\":\"Angoul\u00eame Ville Cr\u00e9ative de l&#039;UNESCO\",\"publisher\":{\"@id\":\"https:\/\/creativebd-angouleme.inovawork.net\/#organization\"},\"potentialAction\":[{\"@type\":\"SearchAction\",\"target\":{\"@type\":\"EntryPoint\",\"urlTemplate\":\"https:\/\/creativebd-angouleme.inovawork.net\/?s={search_term_string}\"},\"query-input\":\"required name=search_term_string\"}],\"inLanguage\":\"en-US\"},{\"@type\":\"WebPage\",\"@id\":\"https:\/\/creativebd-angouleme.inovawork.net\/en\/legal-notice\/#webpage\",\"url\":\"https:\/\/creativebd-angouleme.inovawork.net\/en\/legal-notice\/\",\"name\":\"Angoul\u00eame Ville Cr\u00e9ative\",\"isPartOf\":{\"@id\":\"https:\/\/creativebd-angouleme.inovawork.net\/#website\"},\"datePublished\":\"2020-07-28T09:33:43+00:00\",\"dateModified\":\"2021-03-12T10:18:43+00:00\",\"description\":\"Legal notice\",\"breadcrumb\":{\"@id\":\"https:\/\/creativebd-angouleme.inovawork.net\/en\/legal-notice\/#breadcrumb\"},\"inLanguage\":\"en-US\",\"potentialAction\":[{\"@type\":\"ReadAction\",\"target\":[\"https:\/\/creativebd-angouleme.inovawork.net\/en\/legal-notice\/\"]}]},{\"@type\":\"BreadcrumbList\",\"@id\":\"https:\/\/creativebd-angouleme.inovawork.net\/en\/legal-notice\/#breadcrumb\",\"itemListElement\":[{\"@type\":\"ListItem\",\"position\":1,\"name\":\"Accueil\",\"item\":\"https:\/\/creativebd-angouleme.inovawork.net\/en\/\"},{\"@type\":\"ListItem\",\"position\":2,\"name\":\"Legal notice\"}]}]}<\/script>\n<!-- \/ Yoast SEO plugin. -->","yoast_head_json":{"title":"Angoul\u00eame Ville Cr\u00e9ative","description":"Legal notice","robots":{"index":"noindex","follow":"follow","max-snippet":"max-snippet:-1","max-image-preview":"max-image-preview:large","max-video-preview":"max-video-preview:-1"},"og_locale":"en_US","og_type":"article","og_title":"Angoul\u00eame Ville Cr\u00e9ative","og_description":"Legal notice","og_url":"https:\/\/creativebd-angouleme.inovawork.net\/en\/legal-notice\/","og_site_name":"Angoul\u00eame Ville Cr\u00e9ative","article_modified_time":"2021-03-12T10:18:43+00:00","twitter_card":"summary_large_image","twitter_misc":{"Est. reading time":"7 minutes"},"schema":{"@context":"https:\/\/schema.org","@graph":[{"@type":"Organization","@id":"https:\/\/creativebd-angouleme.inovawork.net\/#organization","name":"Mairie d'Angoul\u00eame","url":"https:\/\/creativebd-angouleme.inovawork.net\/","sameAs":[],"logo":{"@type":"ImageObject","@id":"https:\/\/creativebd-angouleme.inovawork.net\/#logo","inLanguage":"en-US","url":"https:\/\/creativebd-angouleme.inovawork.net\/wp-content\/uploads\/2019\/12\/logo_angouleme_unesco.jpg","contentUrl":"https:\/\/creativebd-angouleme.inovawork.net\/wp-content\/uploads\/2019\/12\/logo_angouleme_unesco.jpg","width":2079,"height":1060,"caption":"Mairie d'Angoul\u00eame"},"image":{"@id":"https:\/\/creativebd-angouleme.inovawork.net\/#logo"}},{"@type":"WebSite","@id":"https:\/\/creativebd-angouleme.inovawork.net\/#website","url":"https:\/\/creativebd-angouleme.inovawork.net\/","name":"Angoul\u00eame Ville Cr\u00e9ative","description":"Angoul\u00eame Ville Cr\u00e9ative de l&#039;UNESCO","publisher":{"@id":"https:\/\/creativebd-angouleme.inovawork.net\/#organization"},"potentialAction":[{"@type":"SearchAction","target":{"@type":"EntryPoint","urlTemplate":"https:\/\/creativebd-angouleme.inovawork.net\/?s={search_term_string}"},"query-input":"required name=search_term_string"}],"inLanguage":"en-US"},{"@type":"WebPage","@id":"https:\/\/creativebd-angouleme.inovawork.net\/en\/legal-notice\/#webpage","url":"https:\/\/creativebd-angouleme.inovawork.net\/en\/legal-notice\/","name":"Angoul\u00eame Ville Cr\u00e9ative","isPartOf":{"@id":"https:\/\/creativebd-angouleme.inovawork.net\/#website"},"datePublished":"2020-07-28T09:33:43+00:00","dateModified":"2021-03-12T10:18:43+00:00","description":"Legal notice","breadcrumb":{"@id":"https:\/\/creativebd-angouleme.inovawork.net\/en\/legal-notice\/#breadcrumb"},"inLanguage":"en-US","potentialAction":[{"@type":"ReadAction","target":["https:\/\/creativebd-angouleme.inovawork.net\/en\/legal-notice\/"]}]},{"@type":"BreadcrumbList","@id":"https:\/\/creativebd-angouleme.inovawork.net\/en\/legal-notice\/#breadcrumb","itemListElement":[{"@type":"ListItem","position":1,"name":"Accueil","item":"https:\/\/creativebd-angouleme.inovawork.net\/en\/"},{"@type":"ListItem","position":2,"name":"Legal notice"}]}]}},"_links":{"self":[{"href":"https:\/\/creativebd-angouleme.inovawork.net\/en\/wp-json\/wp\/v2\/pages\/79608"}],"collection":[{"href":"https:\/\/creativebd-angouleme.inovawork.net\/en\/wp-json\/wp\/v2\/pages"}],"about":[{"href":"https:\/\/creativebd-angouleme.inovawork.net\/en\/wp-json\/wp\/v2\/types\/page"}],"author":[{"embeddable":true,"href":"https:\/\/creativebd-angouleme.inovawork.net\/en\/wp-json\/wp\/v2\/users\/7"}],"replies":[{"embeddable":true,"href":"https:\/\/creativebd-angouleme.inovawork.net\/en\/wp-json\/wp\/v2\/comments?post=79608"}],"version-history":[{"count":4,"href":"https:\/\/creativebd-angouleme.inovawork.net\/en\/wp-json\/wp\/v2\/pages\/79608\/revisions"}],"predecessor-version":[{"id":80190,"href":"https:\/\/creativebd-angouleme.inovawork.net\/en\/wp-json\/wp\/v2\/pages\/79608\/revisions\/80190"}],"wp:attachment":[{"href":"https:\/\/creativebd-angouleme.inovawork.net\/en\/wp-json\/wp\/v2\/media?parent=79608"}],"curies":[{"name":"wp","href":"https:\/\/api.w.org\/{rel}","templated":true}]}}