{"id":79229,"date":"2019-05-15T15:04:49","date_gmt":"2019-05-15T13:04:49","guid":{"rendered":"https:\/\/creativebd-angouleme.inovawork.net\/?page_id=79229"},"modified":"2021-03-12T11:10:00","modified_gmt":"2021-03-12T10:10:00","slug":"partners","status":"publish","type":"page","link":"https:\/\/creativebd-angouleme.inovawork.net\/en\/partners\/","title":{"rendered":"Partners"},"content":{"rendered":"<p>[vc_row][vc_column width=&#8221;1\/1&#8243;][vc_single_image media=&#8221;80178&#8243; media_width_use_pixel=&#8221;yes&#8221; alignment=&#8221;center&#8221; media_link=&#8221;url:http%3A%2F%2Fwww.angouleme.fr||target:%20_blank|&#8221; media_width_pixel=&#8221;300&#8243;][vc_column_text]\n\n    \n    <ul id=\"wk-747\" class=\"uk-subnav uk-subnav-pill uk-flex-center\">\n\n                <li class=\"uk-active\" data-uk-filter=\"\"><a href=\"#\">All<\/a><\/li>\n        \n                <li data-uk-filter=\"Institutional Partners\"><a href=\"#\">Institutional Partners<\/a><\/li>\n                <li data-uk-filter=\"Operational partners\"><a href=\"#\">Operational Partners<\/a><\/li>\n        \n    <\/ul>\n\n    \n\n<div id=\"wk-grid747\" class=\"uk-grid-width-1-2 uk-grid-width-small-1-3 uk-grid-width-medium-1-4 uk-grid-width-large-1-6 uk-grid-width-xlarge-1-6 uk-text-left \" data-uk-grid=\"{gutter: ' 50',controls: '#wk-747'}\" >\n\n\n    <div data-uk-filter=\"Institutional Partners\">\n        <div class=\"uk-panel\">\n\n            \n            \n                        <div class=\"uk-text-center uk-panel-teaser\"><div class=\"uk-overlay uk-overlay-hover \"><img src=\"\/wp-content\/uploads\/2019\/05\/angouleme-logo-signature-Ga.png\" class=\" uk-overlay-grayscale\" alt=\"GrandAngoul\u00eame\" width=\"500\" height=\"177\"><a class=\"uk-position-cover\" href=\"http:\/\/www.grandangouleme.fr\/\" target=\"_blank\" title=\"GrandAngoul\u00eame\"><\/a><\/div><\/div>\n            \n            \n            \n            \n            \n            \n            \n            \n            \n        <\/div>\n    <\/div>\n\n\n    <div data-uk-filter=\"Institutional Partners\">\n        <div class=\"uk-panel\">\n\n            \n            \n                        <div class=\"uk-text-center uk-panel-teaser\"><div class=\"uk-overlay uk-overlay-hover \"><img src=\"\/wp-content\/uploads\/2019\/05\/angouleme-chaleD.png\" class=\" uk-overlay-grayscale\" alt=\"Charente le D\u00e9partement\" width=\"500\" height=\"177\"><a class=\"uk-position-cover\" href=\"https:\/\/www.lacharente.fr\/\" target=\"_blank\" title=\"Charente le D\u00e9partement\"><\/a><\/div><\/div>\n            \n            \n            \n            \n            \n            \n            \n            \n            \n        <\/div>\n    <\/div>\n\n\n    <div data-uk-filter=\"Institutional Partners\">\n        <div class=\"uk-panel\">\n\n            \n            \n                        <div class=\"uk-text-center uk-panel-teaser\"><div class=\"uk-overlay uk-overlay-hover \"><img src=\"\/wp-content\/uploads\/2019\/04\/logo_na_horiz_QUADRI_2019.png\" class=\" uk-overlay-grayscale\" alt=\"R\u00e9gion Nouvelle Aquitaine\" width=\"1404\" height=\"651\"><a class=\"uk-position-cover\" href=\"https:\/\/www.nouvelle-aquitaine.fr\/\" target=\"_blank\" title=\"R\u00e9gion Nouvelle Aquitaine\"><\/a><\/div><\/div>\n            \n            \n            \n            \n            \n            \n            \n            \n            \n        <\/div>\n    <\/div>\n\n\n    <div data-uk-filter=\"Institutional Partners\">\n        <div class=\"uk-panel\">\n\n            \n            \n                        <div class=\"uk-text-center uk-panel-teaser\"><div class=\"uk-overlay uk-overlay-hover \"><img src=\"\/wp-content\/uploads\/2019\/05\/RF.png\" class=\" uk-overlay-grayscale\" alt=\"Pr\u00e9fecture de la Charente\" width=\"500\" height=\"177\"><a class=\"uk-position-cover\" href=\"https:\/\/www.charente.gouv.fr\/\" target=\"_blank\" title=\"Pr\u00e9fecture de la Charente\"><\/a><\/div><\/div>\n            \n            \n            \n            \n            \n            \n            \n            \n            \n        <\/div>\n    <\/div>\n\n\n    <div data-uk-filter=\"Institutional Partners\">\n        <div class=\"uk-panel\">\n\n            \n            \n                        <div class=\"uk-text-center uk-panel-teaser\"><div class=\"uk-overlay uk-overlay-hover \"><img src=\"\/wp-content\/uploads\/2019\/05\/cci.png\" class=\" uk-overlay-grayscale\" alt=\"Chambre de Commerce et d'Industrie de la Charente\" width=\"500\" height=\"177\"><a class=\"uk-position-cover\" href=\"https:\/\/www.charente.cci.fr\/\" target=\"_blank\" title=\"Chambre de Commerce et d&#039;Industrie de la Charente\"><\/a><\/div><\/div>\n            \n            \n            \n            \n            \n            \n            \n            \n            \n        <\/div>\n    <\/div>\n\n\n    <div data-uk-filter=\"Operational partners\">\n        <div class=\"uk-panel\">\n\n            \n            \n                        <div class=\"uk-text-center uk-panel-teaser\"><div class=\"uk-overlay uk-overlay-hover \"><img src=\"\/wp-content\/uploads\/2021\/12\/FIBD.png\" class=\" uk-overlay-grayscale\" alt=\"9e Art +\" width=\"800\" height=\"396\"><a class=\"uk-position-cover\" href=\"https:\/\/www.bdangouleme.com\/\" target=\"_blank\" title=\"9e Art +\"><\/a><\/div><\/div>\n            \n            \n            \n            \n            \n            \n            \n            \n            \n        <\/div>\n    <\/div>\n\n\n    <div data-uk-filter=\"Operational partners\">\n        <div class=\"uk-panel\">\n\n            \n            \n                        <div class=\"uk-text-center uk-panel-teaser\"><div class=\"uk-overlay uk-overlay-hover \"><img src=\"\/wp-content\/uploads\/2019\/05\/assoFIBD.png\" class=\" uk-overlay-grayscale\" alt=\"Association FIBD\" width=\"500\" height=\"177\"><a class=\"uk-position-cover\" href=\"https:\/\/www.facebook.com\/fibd.angouleme\/\" target=\"_blank\" title=\"Association FIBD\"><\/a><\/div><\/div>\n            \n            \n            \n            \n            \n            \n            \n            \n            \n        <\/div>\n    <\/div>\n\n\n    <div data-uk-filter=\"Operational partners\">\n        <div class=\"uk-panel\">\n\n            \n            \n                        <div class=\"uk-text-center uk-panel-teaser\"><div class=\"uk-overlay uk-overlay-hover \"><img src=\"\/wp-content\/uploads\/2019\/05\/Cite%CC%81-de-la-fIBD.png\" class=\" uk-overlay-grayscale\" alt=\"La Cit\u00e9 Internationale de la Bande Dessin\u00e9e et de l'Image\"><a class=\"uk-position-cover\" href=\"http:\/\/www.citebd.org\/\" target=\"_blank\" title=\"La Cit\u00e9 Internationale de la Bande Dessin\u00e9e et de l&#039;Image\"><\/a><\/div><\/div>\n            \n            \n            \n            \n            \n            \n            \n            \n            \n        <\/div>\n    <\/div>\n\n\n    <div data-uk-filter=\"Operational partners\">\n        <div class=\"uk-panel\">\n\n            \n            \n                        <div class=\"uk-text-center uk-panel-teaser\"><div class=\"uk-overlay uk-overlay-hover \"><img src=\"\/wp-content\/uploads\/2019\/06\/eesi-1.png\" class=\" uk-overlay-grayscale\" alt=\"\u00c9cole Europ\u00e9enne Sup\u00e9rieure de l'Image d'Angoul\u00eame\" width=\"500\" height=\"177\"><a class=\"uk-position-cover\" href=\"https:\/\/www.eesi.eu\/site\/index.php\" target=\"_blank\" title=\"\u00c9cole Europ\u00e9enne Sup\u00e9rieure de l&#039;Image d&#039;Angoul\u00eame\"><\/a><\/div><\/div>\n            \n            \n            \n            \n            \n            \n            \n            \n            \n        <\/div>\n    <\/div>\n\n\n    <div data-uk-filter=\"Operational partners\">\n        <div class=\"uk-panel\">\n\n            \n            \n                        <div class=\"uk-text-center uk-panel-teaser\"><div class=\"uk-overlay uk-overlay-hover \"><img src=\"\/wp-content\/uploads\/2019\/06\/magelis-2018.png\" class=\" uk-overlay-grayscale\" alt=\"Mag\u00e9lis\" width=\"500\" height=\"177\"><a class=\"uk-position-cover\" href=\"https:\/\/www.magelis.org\/\" target=\"_blank\" title=\"Mag\u00e9lis\"><\/a><\/div><\/div>\n            \n            \n            \n            \n            \n            \n            \n            \n            \n        <\/div>\n    <\/div>\n\n\n    <div data-uk-filter=\"Operational partners\">\n        <div class=\"uk-panel\">\n\n            \n            \n                        <div class=\"uk-text-center uk-panel-teaser\"><div class=\"uk-overlay uk-overlay-hover \"><img src=\"\/wp-content\/uploads\/2021\/03\/Logo-Club-Unesco_V08012021-1.png\" class=\" uk-overlay-grayscale\" alt=\"Cap BD club pour l'UNESCO\" width=\"600\" height=\"245\"><a class=\"uk-position-cover\" href=\"https:\/\/www.cap-bd-angouleme.org\/\" target=\"_blank\" title=\"Cap BD club pour l&#039;UNESCO\"><\/a><\/div><\/div>\n            \n            \n            \n            \n            \n            \n            \n            \n            \n        <\/div>\n    <\/div>\n\n\n<\/div>\n\n<script>\n(function($){\n\n    \/\/ get the images of the gallery and replace it by a canvas of the same size to fix the problem with overlapping images on load.\n    $('img[width][height]:not(.uk-overlay-panel)', $('#wk-grid747')).each(function() {\n\n        var $img = $(this);\n\n        if (this.width == 'auto' || this.height == 'auto' || !$img.is(':visible')) {\n            return;\n        }\n\n        var $canvas = $('<canvas class=\"uk-responsive-width\"><\/canvas>').attr({width:$img.attr('width'), height:$img.attr('height')}),\n            img = new Image,\n            release = function() {\n                $canvas.remove();\n                $img.css('display', '');\n                release = function(){};\n            };\n\n        $img.css('display', 'none').after($canvas);\n\n        $(img).on('load', function(){ release(); });\n        setTimeout(function(){ release(); }, 1000);\n\n        img.src = this.src;\n\n    });\n\n})(jQuery);\n<\/script>\n[\/vc_column_text][\/vc_column][\/vc_row]<\/p>\n","protected":false},"excerpt":{"rendered":"<p>[vc_row][vc_column width=&#8221;1\/1&#8243;][vc_single_image media=&#8221;80178&#8243; media_width_use_pixel=&#8221;yes&#8221; alignment=&#8221;center&#8221; media_link=&#8221;url:http%3A%2F%2Fwww.angouleme.fr||target:%20_blank|&#8221; media_width_pixel=&#8221;300&#8243;][vc_column_text][\/vc_column_text][\/vc_column][\/vc_row]<\/p>\n","protected":false},"author":2,"featured_media":0,"parent":0,"menu_order":0,"comment_status":"closed","ping_status":"closed","template":"","meta":[],"yoast_head":"<!-- This site is optimized with the Yoast SEO plugin v18.4.1 - https:\/\/yoast.com\/wordpress\/plugins\/seo\/ -->\n<title>Angoul\u00eame Ville Cr\u00e9ative<\/title>\n<meta name=\"description\" content=\"Partners\" \/>\n<meta name=\"robots\" content=\"noindex, follow, max-snippet:-1, max-image-preview:large, max-video-preview:-1\" \/>\n<meta property=\"og:locale\" content=\"en_US\" \/>\n<meta property=\"og:type\" content=\"article\" \/>\n<meta property=\"og:title\" content=\"Angoul\u00eame Ville Cr\u00e9ative\" \/>\n<meta property=\"og:description\" content=\"Partners\" \/>\n<meta property=\"og:url\" content=\"https:\/\/creativebd-angouleme.inovawork.net\/en\/partners\/\" \/>\n<meta property=\"og:site_name\" content=\"Angoul\u00eame Ville Cr\u00e9ative\" \/>\n<meta property=\"article:modified_time\" content=\"2021-03-12T10:10:00+00:00\" \/>\n<meta name=\"twitter:card\" content=\"summary_large_image\" \/>\n<meta name=\"twitter:label1\" content=\"Est. reading time\" \/>\n\t<meta name=\"twitter:data1\" content=\"1 minute\" \/>\n<script type=\"application\/ld+json\" class=\"yoast-schema-graph\">{\"@context\":\"https:\/\/schema.org\",\"@graph\":[{\"@type\":\"Organization\",\"@id\":\"https:\/\/creativebd-angouleme.inovawork.net\/#organization\",\"name\":\"Mairie d'Angoul\u00eame\",\"url\":\"https:\/\/creativebd-angouleme.inovawork.net\/\",\"sameAs\":[],\"logo\":{\"@type\":\"ImageObject\",\"@id\":\"https:\/\/creativebd-angouleme.inovawork.net\/#logo\",\"inLanguage\":\"en-US\",\"url\":\"https:\/\/creativebd-angouleme.inovawork.net\/wp-content\/uploads\/2019\/12\/logo_angouleme_unesco.jpg\",\"contentUrl\":\"https:\/\/creativebd-angouleme.inovawork.net\/wp-content\/uploads\/2019\/12\/logo_angouleme_unesco.jpg\",\"width\":2079,\"height\":1060,\"caption\":\"Mairie d'Angoul\u00eame\"},\"image\":{\"@id\":\"https:\/\/creativebd-angouleme.inovawork.net\/#logo\"}},{\"@type\":\"WebSite\",\"@id\":\"https:\/\/creativebd-angouleme.inovawork.net\/#website\",\"url\":\"https:\/\/creativebd-angouleme.inovawork.net\/\",\"name\":\"Angoul\u00eame Ville Cr\u00e9ative\",\"description\":\"Angoul\u00eame Ville Cr\u00e9ative de l&#039;UNESCO\",\"publisher\":{\"@id\":\"https:\/\/creativebd-angouleme.inovawork.net\/#organization\"},\"potentialAction\":[{\"@type\":\"SearchAction\",\"target\":{\"@type\":\"EntryPoint\",\"urlTemplate\":\"https:\/\/creativebd-angouleme.inovawork.net\/?s={search_term_string}\"},\"query-input\":\"required name=search_term_string\"}],\"inLanguage\":\"en-US\"},{\"@type\":\"WebPage\",\"@id\":\"https:\/\/creativebd-angouleme.inovawork.net\/en\/partners\/#webpage\",\"url\":\"https:\/\/creativebd-angouleme.inovawork.net\/en\/partners\/\",\"name\":\"Angoul\u00eame Ville Cr\u00e9ative\",\"isPartOf\":{\"@id\":\"https:\/\/creativebd-angouleme.inovawork.net\/#website\"},\"datePublished\":\"2019-05-15T13:04:49+00:00\",\"dateModified\":\"2021-03-12T10:10:00+00:00\",\"description\":\"Partners\",\"breadcrumb\":{\"@id\":\"https:\/\/creativebd-angouleme.inovawork.net\/en\/partners\/#breadcrumb\"},\"inLanguage\":\"en-US\",\"potentialAction\":[{\"@type\":\"ReadAction\",\"target\":[\"https:\/\/creativebd-angouleme.inovawork.net\/en\/partners\/\"]}]},{\"@type\":\"BreadcrumbList\",\"@id\":\"https:\/\/creativebd-angouleme.inovawork.net\/en\/partners\/#breadcrumb\",\"itemListElement\":[{\"@type\":\"ListItem\",\"position\":1,\"name\":\"Accueil\",\"item\":\"https:\/\/creativebd-angouleme.inovawork.net\/en\/\"},{\"@type\":\"ListItem\",\"position\":2,\"name\":\"Partners\"}]}]}<\/script>\n<!-- \/ Yoast SEO plugin. -->","yoast_head_json":{"title":"Angoul\u00eame Ville Cr\u00e9ative","description":"Partners","robots":{"index":"noindex","follow":"follow","max-snippet":"max-snippet:-1","max-image-preview":"max-image-preview:large","max-video-preview":"max-video-preview:-1"},"og_locale":"en_US","og_type":"article","og_title":"Angoul\u00eame Ville Cr\u00e9ative","og_description":"Partners","og_url":"https:\/\/creativebd-angouleme.inovawork.net\/en\/partners\/","og_site_name":"Angoul\u00eame Ville Cr\u00e9ative","article_modified_time":"2021-03-12T10:10:00+00:00","twitter_card":"summary_large_image","twitter_misc":{"Est. reading time":"1 minute"},"schema":{"@context":"https:\/\/schema.org","@graph":[{"@type":"Organization","@id":"https:\/\/creativebd-angouleme.inovawork.net\/#organization","name":"Mairie d'Angoul\u00eame","url":"https:\/\/creativebd-angouleme.inovawork.net\/","sameAs":[],"logo":{"@type":"ImageObject","@id":"https:\/\/creativebd-angouleme.inovawork.net\/#logo","inLanguage":"en-US","url":"https:\/\/creativebd-angouleme.inovawork.net\/wp-content\/uploads\/2019\/12\/logo_angouleme_unesco.jpg","contentUrl":"https:\/\/creativebd-angouleme.inovawork.net\/wp-content\/uploads\/2019\/12\/logo_angouleme_unesco.jpg","width":2079,"height":1060,"caption":"Mairie d'Angoul\u00eame"},"image":{"@id":"https:\/\/creativebd-angouleme.inovawork.net\/#logo"}},{"@type":"WebSite","@id":"https:\/\/creativebd-angouleme.inovawork.net\/#website","url":"https:\/\/creativebd-angouleme.inovawork.net\/","name":"Angoul\u00eame Ville Cr\u00e9ative","description":"Angoul\u00eame Ville Cr\u00e9ative de l&#039;UNESCO","publisher":{"@id":"https:\/\/creativebd-angouleme.inovawork.net\/#organization"},"potentialAction":[{"@type":"SearchAction","target":{"@type":"EntryPoint","urlTemplate":"https:\/\/creativebd-angouleme.inovawork.net\/?s={search_term_string}"},"query-input":"required name=search_term_string"}],"inLanguage":"en-US"},{"@type":"WebPage","@id":"https:\/\/creativebd-angouleme.inovawork.net\/en\/partners\/#webpage","url":"https:\/\/creativebd-angouleme.inovawork.net\/en\/partners\/","name":"Angoul\u00eame Ville Cr\u00e9ative","isPartOf":{"@id":"https:\/\/creativebd-angouleme.inovawork.net\/#website"},"datePublished":"2019-05-15T13:04:49+00:00","dateModified":"2021-03-12T10:10:00+00:00","description":"Partners","breadcrumb":{"@id":"https:\/\/creativebd-angouleme.inovawork.net\/en\/partners\/#breadcrumb"},"inLanguage":"en-US","potentialAction":[{"@type":"ReadAction","target":["https:\/\/creativebd-angouleme.inovawork.net\/en\/partners\/"]}]},{"@type":"BreadcrumbList","@id":"https:\/\/creativebd-angouleme.inovawork.net\/en\/partners\/#breadcrumb","itemListElement":[{"@type":"ListItem","position":1,"name":"Accueil","item":"https:\/\/creativebd-angouleme.inovawork.net\/en\/"},{"@type":"ListItem","position":2,"name":"Partners"}]}]}},"_links":{"self":[{"href":"https:\/\/creativebd-angouleme.inovawork.net\/en\/wp-json\/wp\/v2\/pages\/79229"}],"collection":[{"href":"https:\/\/creativebd-angouleme.inovawork.net\/en\/wp-json\/wp\/v2\/pages"}],"about":[{"href":"https:\/\/creativebd-angouleme.inovawork.net\/en\/wp-json\/wp\/v2\/types\/page"}],"author":[{"embeddable":true,"href":"https:\/\/creativebd-angouleme.inovawork.net\/en\/wp-json\/wp\/v2\/users\/2"}],"replies":[{"embeddable":true,"href":"https:\/\/creativebd-angouleme.inovawork.net\/en\/wp-json\/wp\/v2\/comments?post=79229"}],"version-history":[{"count":18,"href":"https:\/\/creativebd-angouleme.inovawork.net\/en\/wp-json\/wp\/v2\/pages\/79229\/revisions"}],"predecessor-version":[{"id":80183,"href":"https:\/\/creativebd-angouleme.inovawork.net\/en\/wp-json\/wp\/v2\/pages\/79229\/revisions\/80183"}],"wp:attachment":[{"href":"https:\/\/creativebd-angouleme.inovawork.net\/en\/wp-json\/wp\/v2\/media?parent=79229"}],"curies":[{"name":"wp","href":"https:\/\/api.w.org\/{rel}","templated":true}]}}