{"id":79226,"date":"2019-05-20T11:25:40","date_gmt":"2019-05-20T09:25:40","guid":{"rendered":"https:\/\/creativebd-angouleme.inovawork.net\/?page_id=79226"},"modified":"2021-12-07T15:55:49","modified_gmt":"2021-12-07T14:55:49","slug":"creative-city","status":"publish","type":"page","link":"https:\/\/creativebd-angouleme.inovawork.net\/en\/creative-city\/","title":{"rendered":"Creative City"},"content":{"rendered":"<h2>Angoul\u00eame Creative City UNESCO<\/h2>\n<div class=\"video-container\"><script>document.addEventListener('DOMContentLoaded', function() {(tarteaucitron.job = tarteaucitron.job || []).push('vimeo');});<\/script><\/p>\n<div class=\"vimeo_player\" videoID=\"466107177\" width=\"100%\" height=\"100%\" style=\"height:50vw\"><\/div>\n<\/div>\n<p>In 2019, Angoul\u00eame was recognised as UNESCO&#8217;s Creative City for its pioneer role in the field of comics. It joins the prestigious circle of 42 literary cities designated by UNESCO around the world.<br \/>\nFor the first literary city in France, it is a great recognition in two respects: for Angoul\u00eame as the World Capital of Comics and for the 9th art as a literary genre in its own right.<\/p>\n<h3>What is the Creative Cities Network?<\/h3>\n<p>The UNESCO Creative Cities Network (UCCN) was created in 2004 to promote cooperation with and among cities that have identified creativity as a strategic factor for sustainable urban development.\u00a0 This Network includes 295 members worldwide in seven creative fields: Crafts and Folk Art, Design, Film, Gastronomy, Music, Media Arts, and Literature.<\/p>\n<p>France has 8\u00a0 creative cities:<\/p>\n<ul>\n<li>Angoul\u00eame (literature)<\/li>\n<li>Cannes (Film)<\/li>\n<li>Enghien-les-Bains (Media Arts)<\/li>\n<li>Lyon (Media Arts)<\/li>\n<li>Saint-Etienne (Design)<\/li>\n<li>Limoges (Craft and Folk Arts)<\/li>\n<li>Rouen (Gastronomy)<\/li>\n<li>Metz (Music)<\/li>\n<\/ul>\n<p>All creative cities are united around a common goal: to put creativity and cultural industries at the core of their development plan at the local level and to cooperate actively at the international level.<\/p>\n<p>By joining the Network, cities are committed to sharing best practices, building partnerships that promote creativity and cultural industries, strengthening participation in cultural life, and integrating culture into urban development plans.<\/p>\n<h3>How is the Creative Cities Network positive for my city?<\/h3>\n<p>This designation perpetuates the international influence of the city of Angoul\u00eame and contributes to its economic, touristic, and educational development.<\/p>\n<p>It is a real springboard for the local operators, which reinforces the international and regional appeal to investors and economic actors, qualified creatives, students, and tourists.<\/p>\n<h3>Tourism<\/h3>\n<p>Angoul\u00eame is anchored in the network of UNESCO tourist sites of Nouvelle Aquitaine Region (composed of Bordeaux, Blaye, Saint Emilion, Lascaux, the way to Santiago, Limoges, Saint-Savin), impacting the tourist attraction of the city and its financial benefits.<\/p>\n<h3>Education and training<\/h3>\n<p>This is an opportunity to develop our initial and ongoing training in the field of excellence of visual arts and will allow us to set up student exchanges around the world and offer employment opportunities to our young people.<\/p>\n<h3>Work opportunities<\/h3>\n<p>The UNESCO brand enhances Angoul\u00eame&#8217;s strengths to develop local economic activity and attract many companies in the field of visual and digital arts, comics but also in ever more sophisticated fields such as robotics.<\/p>\n<h3>What actions are planned by Angoul\u00eame in this context?<\/h3>\n<p>Angoul\u00eame sets up <a href=\"https:\/\/creativebd-angouleme.inovawork.net\/en\/creative-city\/our-9-actions\/\">9 actions for the 9th art<\/a>:<\/p>\n<ol>\n<li>Animating an international reflection on the Comic Strip sector<\/li>\n<li>Share comic book know-how<\/li>\n<li>Develop the welcome for the creation<\/li>\n<li>Protecting creation internationally<\/li>\n<li>Strengthening the social link with young people through the Strip of Depression<\/li>\n<li>Defending the creation of women in the comic book industry.<\/li>\n<li>Promoting creation and heritage with an international dimension<\/li>\n<li>Facilitating access to university training in comics<\/li>\n<li>Organize urban land use through comics.<\/li>\n<\/ol>\n<h3><a href=\"https:\/\/creativebd-angouleme.inovawork.net\/en\/creative-city\/9-major-assets\/\">9 major assets for the city<\/a><\/h3>\n","protected":false},"excerpt":{"rendered":"<p>Angoul\u00eame Creative City UNESCO In 2019, Angoul\u00eame was recognised as UNESCO&#8217;s Creative City for its pioneer role in the field [&hellip;]<\/p>\n","protected":false},"author":1,"featured_media":0,"parent":0,"menu_order":0,"comment_status":"closed","ping_status":"closed","template":"","meta":[],"yoast_head":"<!-- This site is optimized with the Yoast SEO plugin v18.4.1 - https:\/\/yoast.com\/wordpress\/plugins\/seo\/ -->\n<title>Angoul\u00eame Ville Cr\u00e9ative<\/title>\n<meta name=\"description\" content=\"Creative City\" \/>\n<meta name=\"robots\" content=\"noindex, follow, max-snippet:-1, max-image-preview:large, max-video-preview:-1\" \/>\n<meta property=\"og:locale\" content=\"en_US\" \/>\n<meta property=\"og:type\" content=\"article\" \/>\n<meta property=\"og:title\" content=\"Angoul\u00eame Ville Cr\u00e9ative\" \/>\n<meta property=\"og:description\" content=\"Creative City\" \/>\n<meta property=\"og:url\" content=\"https:\/\/creativebd-angouleme.inovawork.net\/en\/creative-city\/\" \/>\n<meta property=\"og:site_name\" content=\"Angoul\u00eame Ville Cr\u00e9ative\" \/>\n<meta property=\"article:modified_time\" content=\"2021-12-07T14:55:49+00:00\" \/>\n<meta name=\"twitter:card\" content=\"summary_large_image\" \/>\n<meta name=\"twitter:label1\" content=\"Est. reading time\" \/>\n\t<meta name=\"twitter:data1\" content=\"3 minutes\" \/>\n<script type=\"application\/ld+json\" class=\"yoast-schema-graph\">{\"@context\":\"https:\/\/schema.org\",\"@graph\":[{\"@type\":\"Organization\",\"@id\":\"https:\/\/creativebd-angouleme.inovawork.net\/#organization\",\"name\":\"Mairie d'Angoul\u00eame\",\"url\":\"https:\/\/creativebd-angouleme.inovawork.net\/\",\"sameAs\":[],\"logo\":{\"@type\":\"ImageObject\",\"@id\":\"https:\/\/creativebd-angouleme.inovawork.net\/#logo\",\"inLanguage\":\"en-US\",\"url\":\"https:\/\/creativebd-angouleme.inovawork.net\/wp-content\/uploads\/2019\/12\/logo_angouleme_unesco.jpg\",\"contentUrl\":\"https:\/\/creativebd-angouleme.inovawork.net\/wp-content\/uploads\/2019\/12\/logo_angouleme_unesco.jpg\",\"width\":2079,\"height\":1060,\"caption\":\"Mairie d'Angoul\u00eame\"},\"image\":{\"@id\":\"https:\/\/creativebd-angouleme.inovawork.net\/#logo\"}},{\"@type\":\"WebSite\",\"@id\":\"https:\/\/creativebd-angouleme.inovawork.net\/#website\",\"url\":\"https:\/\/creativebd-angouleme.inovawork.net\/\",\"name\":\"Angoul\u00eame Ville Cr\u00e9ative\",\"description\":\"Angoul\u00eame Ville Cr\u00e9ative de l&#039;UNESCO\",\"publisher\":{\"@id\":\"https:\/\/creativebd-angouleme.inovawork.net\/#organization\"},\"potentialAction\":[{\"@type\":\"SearchAction\",\"target\":{\"@type\":\"EntryPoint\",\"urlTemplate\":\"https:\/\/creativebd-angouleme.inovawork.net\/?s={search_term_string}\"},\"query-input\":\"required name=search_term_string\"}],\"inLanguage\":\"en-US\"},{\"@type\":\"WebPage\",\"@id\":\"https:\/\/creativebd-angouleme.inovawork.net\/en\/creative-city\/#webpage\",\"url\":\"https:\/\/creativebd-angouleme.inovawork.net\/en\/creative-city\/\",\"name\":\"Angoul\u00eame Ville Cr\u00e9ative\",\"isPartOf\":{\"@id\":\"https:\/\/creativebd-angouleme.inovawork.net\/#website\"},\"datePublished\":\"2019-05-20T09:25:40+00:00\",\"dateModified\":\"2021-12-07T14:55:49+00:00\",\"description\":\"Creative City\",\"breadcrumb\":{\"@id\":\"https:\/\/creativebd-angouleme.inovawork.net\/en\/creative-city\/#breadcrumb\"},\"inLanguage\":\"en-US\",\"potentialAction\":[{\"@type\":\"ReadAction\",\"target\":[\"https:\/\/creativebd-angouleme.inovawork.net\/en\/creative-city\/\"]}]},{\"@type\":\"BreadcrumbList\",\"@id\":\"https:\/\/creativebd-angouleme.inovawork.net\/en\/creative-city\/#breadcrumb\",\"itemListElement\":[{\"@type\":\"ListItem\",\"position\":1,\"name\":\"Accueil\",\"item\":\"https:\/\/creativebd-angouleme.inovawork.net\/en\/\"},{\"@type\":\"ListItem\",\"position\":2,\"name\":\"Creative City\"}]}]}<\/script>\n<!-- \/ Yoast SEO plugin. -->","yoast_head_json":{"title":"Angoul\u00eame Ville Cr\u00e9ative","description":"Creative City","robots":{"index":"noindex","follow":"follow","max-snippet":"max-snippet:-1","max-image-preview":"max-image-preview:large","max-video-preview":"max-video-preview:-1"},"og_locale":"en_US","og_type":"article","og_title":"Angoul\u00eame Ville Cr\u00e9ative","og_description":"Creative City","og_url":"https:\/\/creativebd-angouleme.inovawork.net\/en\/creative-city\/","og_site_name":"Angoul\u00eame Ville Cr\u00e9ative","article_modified_time":"2021-12-07T14:55:49+00:00","twitter_card":"summary_large_image","twitter_misc":{"Est. reading time":"3 minutes"},"schema":{"@context":"https:\/\/schema.org","@graph":[{"@type":"Organization","@id":"https:\/\/creativebd-angouleme.inovawork.net\/#organization","name":"Mairie d'Angoul\u00eame","url":"https:\/\/creativebd-angouleme.inovawork.net\/","sameAs":[],"logo":{"@type":"ImageObject","@id":"https:\/\/creativebd-angouleme.inovawork.net\/#logo","inLanguage":"en-US","url":"https:\/\/creativebd-angouleme.inovawork.net\/wp-content\/uploads\/2019\/12\/logo_angouleme_unesco.jpg","contentUrl":"https:\/\/creativebd-angouleme.inovawork.net\/wp-content\/uploads\/2019\/12\/logo_angouleme_unesco.jpg","width":2079,"height":1060,"caption":"Mairie d'Angoul\u00eame"},"image":{"@id":"https:\/\/creativebd-angouleme.inovawork.net\/#logo"}},{"@type":"WebSite","@id":"https:\/\/creativebd-angouleme.inovawork.net\/#website","url":"https:\/\/creativebd-angouleme.inovawork.net\/","name":"Angoul\u00eame Ville Cr\u00e9ative","description":"Angoul\u00eame Ville Cr\u00e9ative de l&#039;UNESCO","publisher":{"@id":"https:\/\/creativebd-angouleme.inovawork.net\/#organization"},"potentialAction":[{"@type":"SearchAction","target":{"@type":"EntryPoint","urlTemplate":"https:\/\/creativebd-angouleme.inovawork.net\/?s={search_term_string}"},"query-input":"required name=search_term_string"}],"inLanguage":"en-US"},{"@type":"WebPage","@id":"https:\/\/creativebd-angouleme.inovawork.net\/en\/creative-city\/#webpage","url":"https:\/\/creativebd-angouleme.inovawork.net\/en\/creative-city\/","name":"Angoul\u00eame Ville Cr\u00e9ative","isPartOf":{"@id":"https:\/\/creativebd-angouleme.inovawork.net\/#website"},"datePublished":"2019-05-20T09:25:40+00:00","dateModified":"2021-12-07T14:55:49+00:00","description":"Creative City","breadcrumb":{"@id":"https:\/\/creativebd-angouleme.inovawork.net\/en\/creative-city\/#breadcrumb"},"inLanguage":"en-US","potentialAction":[{"@type":"ReadAction","target":["https:\/\/creativebd-angouleme.inovawork.net\/en\/creative-city\/"]}]},{"@type":"BreadcrumbList","@id":"https:\/\/creativebd-angouleme.inovawork.net\/en\/creative-city\/#breadcrumb","itemListElement":[{"@type":"ListItem","position":1,"name":"Accueil","item":"https:\/\/creativebd-angouleme.inovawork.net\/en\/"},{"@type":"ListItem","position":2,"name":"Creative City"}]}]}},"_links":{"self":[{"href":"https:\/\/creativebd-angouleme.inovawork.net\/en\/wp-json\/wp\/v2\/pages\/79226"}],"collection":[{"href":"https:\/\/creativebd-angouleme.inovawork.net\/en\/wp-json\/wp\/v2\/pages"}],"about":[{"href":"https:\/\/creativebd-angouleme.inovawork.net\/en\/wp-json\/wp\/v2\/types\/page"}],"author":[{"embeddable":true,"href":"https:\/\/creativebd-angouleme.inovawork.net\/en\/wp-json\/wp\/v2\/users\/1"}],"replies":[{"embeddable":true,"href":"https:\/\/creativebd-angouleme.inovawork.net\/en\/wp-json\/wp\/v2\/comments?post=79226"}],"version-history":[{"count":15,"href":"https:\/\/creativebd-angouleme.inovawork.net\/en\/wp-json\/wp\/v2\/pages\/79226\/revisions"}],"predecessor-version":[{"id":81009,"href":"https:\/\/creativebd-angouleme.inovawork.net\/en\/wp-json\/wp\/v2\/pages\/79226\/revisions\/81009"}],"wp:attachment":[{"href":"https:\/\/creativebd-angouleme.inovawork.net\/en\/wp-json\/wp\/v2\/media?parent=79226"}],"curies":[{"name":"wp","href":"https:\/\/api.w.org\/{rel}","templated":true}]}}