{"id":79223,"date":"2019-05-15T16:11:04","date_gmt":"2019-05-15T14:11:04","guid":{"rendered":"https:\/\/creativebd-angouleme.inovawork.net\/?page_id=79223"},"modified":"2021-03-11T16:45:02","modified_gmt":"2021-03-11T15:45:02","slug":"contacts","status":"publish","type":"page","link":"https:\/\/creativebd-angouleme.inovawork.net\/en\/contacts\/","title":{"rendered":"Contacts"},"content":{"rendered":"<p>[vc_row][vc_column width=&#8221;1\/1&#8243;][vc_column_text]<div role=\"form\" class=\"wpcf7\" id=\"wpcf7-f79629-o1\" lang=\"fr-FR\" dir=\"ltr\">\n<div class=\"screen-reader-response\"><p role=\"status\" aria-live=\"polite\" aria-atomic=\"true\"><\/p> <ul><\/ul><\/div>\n<form action=\"\/en\/wp-json\/wp\/v2\/pages\/79223#wpcf7-f79629-o1\" method=\"post\" class=\"wpcf7-form init\" enctype=\"multipart\/form-data\" novalidate=\"novalidate\" data-status=\"init\">\n<div style=\"display: none;\">\n<input type=\"hidden\" name=\"_wpcf7\" value=\"79629\" \/>\n<input type=\"hidden\" name=\"_wpcf7_version\" value=\"5.5.6\" \/>\n<input type=\"hidden\" name=\"_wpcf7_locale\" value=\"fr_FR\" \/>\n<input type=\"hidden\" name=\"_wpcf7_unit_tag\" value=\"wpcf7-f79629-o1\" \/>\n<input type=\"hidden\" name=\"_wpcf7_container_post\" value=\"0\" \/>\n<input type=\"hidden\" name=\"_wpcf7_posted_data_hash\" value=\"\" \/>\n<\/div>\n<p><label> Your name<span style=\"color:#e9530e\">*<\/span><br \/>\n    <span class=\"wpcf7-form-control-wrap your-name\"><input type=\"text\" name=\"your-name\" value=\"\" size=\"40\" class=\"wpcf7-form-control wpcf7-text wpcf7-validates-as-required\" aria-required=\"true\" aria-invalid=\"false\" \/><\/span> <\/label><\/p>\n<p><label> Your email<span style=\"color:#e9530e\">*<\/span><br \/>\n    <span class=\"wpcf7-form-control-wrap your-email\"><input type=\"email\" name=\"your-email\" value=\"\" size=\"40\" class=\"wpcf7-form-control wpcf7-text wpcf7-email wpcf7-validates-as-required wpcf7-validates-as-email\" aria-required=\"true\" aria-invalid=\"false\" \/><\/span> <\/label><\/p>\n<p><label> Subject<br \/>\n    <span class=\"wpcf7-form-control-wrap your-subject\"><input type=\"text\" name=\"your-subject\" value=\"\" size=\"40\" class=\"wpcf7-form-control wpcf7-text\" aria-invalid=\"false\" \/><\/span> <\/label><\/p>\n<p><label> Your message<br \/>\n    <span class=\"wpcf7-form-control-wrap your-message\"><textarea name=\"your-message\" cols=\"40\" rows=\"10\" class=\"wpcf7-form-control wpcf7-textarea\" aria-invalid=\"false\"><\/textarea><\/span> <\/label><\/p>\n<p><span class=\"wpcf7-form-control-wrap your-file\"><input type=\"file\" name=\"your-file\" size=\"40\" class=\"wpcf7-form-control wpcf7-file\" accept=\".jpg,.jpeg,.png,.gif,.pdf,.doc,.docx,.ppt,.pptx,.odt,.avi,.ogg,.m4a,.mov,.mp3,.mp4,.mpg,.wav,.wmv\" aria-invalid=\"false\" \/><\/span><\/p>\n<p><label>Enter the code below:<br \/>\n<input type=\"hidden\" name=\"_wpcf7_captcha_challenge_captcha-bv\" value=\"1082553828\" \/><img class=\"wpcf7-form-control wpcf7-captchac wpcf7-captcha-captcha-bv\" width=\"72\" height=\"24\" alt=\"captcha\" src=\"https:\/\/creativebd-angouleme.inovawork.net\/wp-content\/uploads\/wpcf7_captcha\/1082553828.png\" \/> > <span class=\"wpcf7-form-control-wrap captcha-bv\"><input type=\"text\" name=\"captcha-bv\" value=\"\" size=\"40\" class=\"wpcf7-form-control wpcf7-captchar\" autocomplete=\"off\" aria-invalid=\"false\" \/><\/span><\/label><\/p>\n<p><input type=\"submit\" value=\"Send\" class=\"wpcf7-form-control has-spinner wpcf7-submit\" \/><\/p>\n<div class=\"wpcf7-response-output\" aria-hidden=\"true\"><\/div><\/form><\/div>[\/vc_column_text][vc_separator][\/vc_column][\/vc_row][vc_row row_height_percent=&#8221;0&#8243; overlay_alpha=&#8221;50&#8243; gutter_size=&#8221;3&#8243; column_width_percent=&#8221;100&#8243; shift_y=&#8221;0&#8243; z_index=&#8221;0&#8243;][vc_column width=&#8221;1\/4&#8243;][vc_single_image media=&#8221;79693&#8243; media_width_percent=&#8221;100&#8243;][vc_column_text]<\/p>\n<h4>Xavier Bonnefont<\/h4>\n<p><em>Mayor of Angoul\u00eame<\/em><br \/>\n<em>President of Greater Angoul\u00eame<\/em><br \/>\n<em>Regional Councillor of Nouvelle-Aquitaine<\/em>[\/vc_column_text][\/vc_column][vc_column width=&#8221;1\/4&#8243;][vc_single_image media=&#8221;79691&#8243; media_width_percent=&#8221;100&#8243;][vc_column_text]<\/p>\n<h4>G\u00e9rard Desaphy<\/h4>\n<p><em>City Councillor French-speaking projects and creative city<\/em><br \/>\n<em>Vice-President of Greater Angoul\u00eame Culture and international cooperation<\/em>[\/vc_column_text][\/vc_column][vc_column width=&#8221;1\/4&#8243;][vc_single_image media=&#8221;79689&#8243; media_width_percent=&#8221;100&#8243;][vc_column_text]<\/p>\n<h4>Sylvain Pothier-Leroux<\/h4>\n<p><em>Head of the territority promotion, visual art policy and Focal point for UNESCO creative city<\/em>[\/vc_column_text][\/vc_column][vc_column width=&#8221;1\/4&#8243;][vc_single_image media=&#8221;79687&#8243; media_width_percent=&#8221;100&#8243;][vc_column_text]<\/p>\n<h4>Auriane M\u00e9tay<\/h4>\n<p><em>UNESCO project officer<\/em>[\/vc_column_text][\/vc_column][\/vc_row]<\/p>\n","protected":false},"excerpt":{"rendered":"<p>[vc_row][vc_column width=&#8221;1\/1&#8243;][vc_column_text][\/vc_column_text][vc_separator][\/vc_column][\/vc_row][vc_row row_height_percent=&#8221;0&#8243; overlay_alpha=&#8221;50&#8243; gutter_size=&#8221;3&#8243; column_width_percent=&#8221;100&#8243; shift_y=&#8221;0&#8243; z_index=&#8221;0&#8243;][vc_column width=&#8221;1\/4&#8243;][vc_single_image media=&#8221;79693&#8243; media_width_percent=&#8221;100&#8243;][vc_column_text] Xavier Bonnefont Mayor of Angoul\u00eame President of Greater Angoul\u00eame [&hellip;]<\/p>\n","protected":false},"author":2,"featured_media":0,"parent":0,"menu_order":0,"comment_status":"closed","ping_status":"closed","template":"","meta":[],"yoast_head":"<!-- This site is optimized with the Yoast SEO plugin v18.4.1 - https:\/\/yoast.com\/wordpress\/plugins\/seo\/ -->\n<title>Angoul\u00eame Ville Cr\u00e9ative<\/title>\n<meta name=\"description\" content=\"Contacts\" \/>\n<meta name=\"robots\" content=\"noindex, follow, max-snippet:-1, max-image-preview:large, max-video-preview:-1\" \/>\n<meta property=\"og:locale\" content=\"en_US\" \/>\n<meta property=\"og:type\" content=\"article\" \/>\n<meta property=\"og:title\" content=\"Angoul\u00eame Ville Cr\u00e9ative\" \/>\n<meta property=\"og:description\" content=\"Contacts\" \/>\n<meta property=\"og:url\" content=\"https:\/\/creativebd-angouleme.inovawork.net\/en\/contacts\/\" \/>\n<meta property=\"og:site_name\" content=\"Angoul\u00eame Ville Cr\u00e9ative\" \/>\n<meta property=\"article:modified_time\" content=\"2021-03-11T15:45:02+00:00\" \/>\n<meta name=\"twitter:card\" content=\"summary_large_image\" \/>\n<meta name=\"twitter:label1\" content=\"Est. reading time\" \/>\n\t<meta name=\"twitter:data1\" content=\"1 minute\" \/>\n<script type=\"application\/ld+json\" class=\"yoast-schema-graph\">{\"@context\":\"https:\/\/schema.org\",\"@graph\":[{\"@type\":\"Organization\",\"@id\":\"https:\/\/creativebd-angouleme.inovawork.net\/#organization\",\"name\":\"Mairie d'Angoul\u00eame\",\"url\":\"https:\/\/creativebd-angouleme.inovawork.net\/\",\"sameAs\":[],\"logo\":{\"@type\":\"ImageObject\",\"@id\":\"https:\/\/creativebd-angouleme.inovawork.net\/#logo\",\"inLanguage\":\"en-US\",\"url\":\"https:\/\/creativebd-angouleme.inovawork.net\/wp-content\/uploads\/2019\/12\/logo_angouleme_unesco.jpg\",\"contentUrl\":\"https:\/\/creativebd-angouleme.inovawork.net\/wp-content\/uploads\/2019\/12\/logo_angouleme_unesco.jpg\",\"width\":2079,\"height\":1060,\"caption\":\"Mairie d'Angoul\u00eame\"},\"image\":{\"@id\":\"https:\/\/creativebd-angouleme.inovawork.net\/#logo\"}},{\"@type\":\"WebSite\",\"@id\":\"https:\/\/creativebd-angouleme.inovawork.net\/#website\",\"url\":\"https:\/\/creativebd-angouleme.inovawork.net\/\",\"name\":\"Angoul\u00eame Ville Cr\u00e9ative\",\"description\":\"Angoul\u00eame Ville Cr\u00e9ative de l&#039;UNESCO\",\"publisher\":{\"@id\":\"https:\/\/creativebd-angouleme.inovawork.net\/#organization\"},\"potentialAction\":[{\"@type\":\"SearchAction\",\"target\":{\"@type\":\"EntryPoint\",\"urlTemplate\":\"https:\/\/creativebd-angouleme.inovawork.net\/?s={search_term_string}\"},\"query-input\":\"required name=search_term_string\"}],\"inLanguage\":\"en-US\"},{\"@type\":\"WebPage\",\"@id\":\"https:\/\/creativebd-angouleme.inovawork.net\/en\/contacts\/#webpage\",\"url\":\"https:\/\/creativebd-angouleme.inovawork.net\/en\/contacts\/\",\"name\":\"Angoul\u00eame Ville Cr\u00e9ative\",\"isPartOf\":{\"@id\":\"https:\/\/creativebd-angouleme.inovawork.net\/#website\"},\"datePublished\":\"2019-05-15T14:11:04+00:00\",\"dateModified\":\"2021-03-11T15:45:02+00:00\",\"description\":\"Contacts\",\"breadcrumb\":{\"@id\":\"https:\/\/creativebd-angouleme.inovawork.net\/en\/contacts\/#breadcrumb\"},\"inLanguage\":\"en-US\",\"potentialAction\":[{\"@type\":\"ReadAction\",\"target\":[\"https:\/\/creativebd-angouleme.inovawork.net\/en\/contacts\/\"]}]},{\"@type\":\"BreadcrumbList\",\"@id\":\"https:\/\/creativebd-angouleme.inovawork.net\/en\/contacts\/#breadcrumb\",\"itemListElement\":[{\"@type\":\"ListItem\",\"position\":1,\"name\":\"Accueil\",\"item\":\"https:\/\/creativebd-angouleme.inovawork.net\/en\/\"},{\"@type\":\"ListItem\",\"position\":2,\"name\":\"Contacts\"}]}]}<\/script>\n<!-- \/ Yoast SEO plugin. -->","yoast_head_json":{"title":"Angoul\u00eame Ville Cr\u00e9ative","description":"Contacts","robots":{"index":"noindex","follow":"follow","max-snippet":"max-snippet:-1","max-image-preview":"max-image-preview:large","max-video-preview":"max-video-preview:-1"},"og_locale":"en_US","og_type":"article","og_title":"Angoul\u00eame Ville Cr\u00e9ative","og_description":"Contacts","og_url":"https:\/\/creativebd-angouleme.inovawork.net\/en\/contacts\/","og_site_name":"Angoul\u00eame Ville Cr\u00e9ative","article_modified_time":"2021-03-11T15:45:02+00:00","twitter_card":"summary_large_image","twitter_misc":{"Est. reading time":"1 minute"},"schema":{"@context":"https:\/\/schema.org","@graph":[{"@type":"Organization","@id":"https:\/\/creativebd-angouleme.inovawork.net\/#organization","name":"Mairie d'Angoul\u00eame","url":"https:\/\/creativebd-angouleme.inovawork.net\/","sameAs":[],"logo":{"@type":"ImageObject","@id":"https:\/\/creativebd-angouleme.inovawork.net\/#logo","inLanguage":"en-US","url":"https:\/\/creativebd-angouleme.inovawork.net\/wp-content\/uploads\/2019\/12\/logo_angouleme_unesco.jpg","contentUrl":"https:\/\/creativebd-angouleme.inovawork.net\/wp-content\/uploads\/2019\/12\/logo_angouleme_unesco.jpg","width":2079,"height":1060,"caption":"Mairie d'Angoul\u00eame"},"image":{"@id":"https:\/\/creativebd-angouleme.inovawork.net\/#logo"}},{"@type":"WebSite","@id":"https:\/\/creativebd-angouleme.inovawork.net\/#website","url":"https:\/\/creativebd-angouleme.inovawork.net\/","name":"Angoul\u00eame Ville Cr\u00e9ative","description":"Angoul\u00eame Ville Cr\u00e9ative de l&#039;UNESCO","publisher":{"@id":"https:\/\/creativebd-angouleme.inovawork.net\/#organization"},"potentialAction":[{"@type":"SearchAction","target":{"@type":"EntryPoint","urlTemplate":"https:\/\/creativebd-angouleme.inovawork.net\/?s={search_term_string}"},"query-input":"required name=search_term_string"}],"inLanguage":"en-US"},{"@type":"WebPage","@id":"https:\/\/creativebd-angouleme.inovawork.net\/en\/contacts\/#webpage","url":"https:\/\/creativebd-angouleme.inovawork.net\/en\/contacts\/","name":"Angoul\u00eame Ville Cr\u00e9ative","isPartOf":{"@id":"https:\/\/creativebd-angouleme.inovawork.net\/#website"},"datePublished":"2019-05-15T14:11:04+00:00","dateModified":"2021-03-11T15:45:02+00:00","description":"Contacts","breadcrumb":{"@id":"https:\/\/creativebd-angouleme.inovawork.net\/en\/contacts\/#breadcrumb"},"inLanguage":"en-US","potentialAction":[{"@type":"ReadAction","target":["https:\/\/creativebd-angouleme.inovawork.net\/en\/contacts\/"]}]},{"@type":"BreadcrumbList","@id":"https:\/\/creativebd-angouleme.inovawork.net\/en\/contacts\/#breadcrumb","itemListElement":[{"@type":"ListItem","position":1,"name":"Accueil","item":"https:\/\/creativebd-angouleme.inovawork.net\/en\/"},{"@type":"ListItem","position":2,"name":"Contacts"}]}]}},"_links":{"self":[{"href":"https:\/\/creativebd-angouleme.inovawork.net\/en\/wp-json\/wp\/v2\/pages\/79223"}],"collection":[{"href":"https:\/\/creativebd-angouleme.inovawork.net\/en\/wp-json\/wp\/v2\/pages"}],"about":[{"href":"https:\/\/creativebd-angouleme.inovawork.net\/en\/wp-json\/wp\/v2\/types\/page"}],"author":[{"embeddable":true,"href":"https:\/\/creativebd-angouleme.inovawork.net\/en\/wp-json\/wp\/v2\/users\/2"}],"replies":[{"embeddable":true,"href":"https:\/\/creativebd-angouleme.inovawork.net\/en\/wp-json\/wp\/v2\/comments?post=79223"}],"version-history":[{"count":18,"href":"https:\/\/creativebd-angouleme.inovawork.net\/en\/wp-json\/wp\/v2\/pages\/79223\/revisions"}],"predecessor-version":[{"id":80168,"href":"https:\/\/creativebd-angouleme.inovawork.net\/en\/wp-json\/wp\/v2\/pages\/79223\/revisions\/80168"}],"wp:attachment":[{"href":"https:\/\/creativebd-angouleme.inovawork.net\/en\/wp-json\/wp\/v2\/media?parent=79223"}],"curies":[{"name":"wp","href":"https:\/\/api.w.org\/{rel}","templated":true}]}}