{"id":79035,"date":"2019-04-08T14:24:09","date_gmt":"2019-04-08T12:24:09","guid":{"rendered":"https:\/\/creativebd-angouleme.inovawork.net\/?page_id=79035"},"modified":"2021-03-16T16:07:26","modified_gmt":"2021-03-16T15:07:26","slug":"accueil","status":"publish","type":"page","link":"https:\/\/creativebd-angouleme.inovawork.net\/en\/","title":{"rendered":"Home"},"content":{"rendered":"<p>[vc_row][vc_column width=&#8221;1\/1&#8243;][vc_column_text]\n\n<div id=\"wk-gridf0f\" class=\"uk-grid-width-1-1 uk-grid-width-medium-1-3 uk-text-left \" data-uk-grid=\"{gutter: '10 20',controls: '#wk-f0f'}\" >\n\n\n    <div>\n        <div class=\"uk-panel uk-panel-box\">\n\n            \n            \n                        <div class=\"uk-text-center uk-panel-teaser\"><div class=\"uk-overlay uk-overlay-hover \"><img src=\"https:\/\/creativebd-angouleme.inovawork.net\/wp-content\/uploads\/2022\/08\/CommRS_Concours-International-Mobilier-Urbain-GB.jpg\" class=\" uk-overlay-scale\" alt=\"International Contest: Creation of &#8220;Comic strip&#8221;-inspired street furniture\" width=\"863\" height=\"860\"><div class=\"uk-overlay-panel uk-overlay-background uk-overlay-icon uk-overlay-fade\"><\/div><a class=\"uk-position-cover\" href=\"https:\/\/creativebd-angouleme.inovawork.net\/en\/news\/international-contest-creation-of-comic-strip-inspired-street-furniture\/\" title=\"International Contest: Creation of &amp;#8220;Comic strip&amp;#8221;-inspired street furniture\"><\/a><\/div><\/div>\n            \n            \n                        <h3 class=\"uk-panel-title\">\n\n                                    <a class=\"uk-link-reset\" href=\"https:\/\/creativebd-angouleme.inovawork.net\/en\/news\/international-contest-creation-of-comic-strip-inspired-street-furniture\/\">International Contest: Creation of &#8220;Comic strip&#8221;-inspired street furniture<\/a>\n                \n                \n            <\/h3>\n            \n                        <p class=\"uk-article-meta\">Written on <time datetime=\"2022-08-04 11:57:13\">4 August 2022<\/time>. Posted in <a href=\"https:\/\/creativebd-angouleme.inovawork.net\/en\/category\/news\/\">News<\/a><\/p>\n            \n            \n                        <div class=\"uk-margin\"><p>&nbsp;<\/p>\n<div style=\"font-size: 10pt; font-family: Tahoma; color: #000000; direction: ltr;\">\n<div>\n<div><span style=\"font-family: tahoma; font-size: xx-small;\"><span style=\"font-size: 13px;\"><span style=\"font-size: medium;\"><b>Angoul\u00eame in the colours of comics!<\/b><\/span><\/span><\/span><\/div>\n<p>&nbsp;<\/p>\n<div>\n<div>\n<\/div>\n            \n            \n                        <p><a class=\"uk-button\" href=\"https:\/\/creativebd-angouleme.inovawork.net\/en\/news\/international-contest-creation-of-comic-strip-inspired-street-furniture\/\">Read more<\/a><\/p>\n            \n            \n        <\/div>\n    <\/div>\n\n\n    <div>\n        <div class=\"uk-panel uk-panel-box\">\n\n            \n            \n                        <div class=\"uk-text-center uk-panel-teaser\"><div class=\"uk-overlay uk-overlay-hover \"><img src=\"https:\/\/creativebd-angouleme.inovawork.net\/wp-content\/uploads\/2022\/04\/MenhirUderzo_VueDEnsemble.jpg\" class=\" uk-overlay-scale\" alt=\"These Angoumoisins are crazy!\" width=\"414\" height=\"323\"><div class=\"uk-overlay-panel uk-overlay-background uk-overlay-icon uk-overlay-fade\"><\/div><a class=\"uk-position-cover\" href=\"https:\/\/creativebd-angouleme.inovawork.net\/en\/news\/these-angoumoisins-are-crazy\/\" title=\"These Angoumoisins are crazy!\"><\/a><\/div><\/div>\n            \n            \n                        <h3 class=\"uk-panel-title\">\n\n                                    <a class=\"uk-link-reset\" href=\"https:\/\/creativebd-angouleme.inovawork.net\/en\/news\/these-angoumoisins-are-crazy\/\">These Angoumoisins are crazy!<\/a>\n                \n                \n            <\/h3>\n            \n                        <p class=\"uk-article-meta\">Written on <time datetime=\"2022-04-19 12:43:50\">19 April 2022<\/time>. Posted in <a href=\"https:\/\/creativebd-angouleme.inovawork.net\/en\/category\/goals-plan\/9-organising\/\">[9] Organising<\/a>, <a href=\"https:\/\/creativebd-angouleme.inovawork.net\/en\/category\/news\/\">News<\/a><\/p>\n            \n            \n                        <div class=\"uk-margin\"><p>&nbsp;<\/p>\n<p><strong>The FIBD 2022 was an opportunity to celebrate two comic geniuses, Ren\u00e9 Goscinny and Albert Uderzo.<\/strong><\/p>\n<\/div>\n            \n            \n                        <p><a class=\"uk-button\" href=\"https:\/\/creativebd-angouleme.inovawork.net\/en\/news\/these-angoumoisins-are-crazy\/\">Read more<\/a><\/p>\n            \n            \n        <\/div>\n    <\/div>\n\n\n    <div>\n        <div class=\"uk-panel uk-panel-box\">\n\n            \n            \n                        <div class=\"uk-text-center uk-panel-teaser\"><div class=\"uk-overlay uk-overlay-hover \"><img src=\"https:\/\/creativebd-angouleme.inovawork.net\/wp-content\/uploads\/2022\/04\/VilleDApres_Concours.png\" class=\" uk-overlay-scale\" alt=\"&#8220;Ville d&#8217;apr\u00e8s&#8221; contest\" width=\"1024\" height=\"498\"><div class=\"uk-overlay-panel uk-overlay-background uk-overlay-icon uk-overlay-fade\"><\/div><a class=\"uk-position-cover\" href=\"https:\/\/creativebd-angouleme.inovawork.net\/en\/news\/ville-dapres-contest\/\" title=\"&amp;#8220;Ville d&amp;#8217;apr\u00e8s&amp;#8221; contest\"><\/a><\/div><\/div>\n            \n            \n                        <h3 class=\"uk-panel-title\">\n\n                                    <a class=\"uk-link-reset\" href=\"https:\/\/creativebd-angouleme.inovawork.net\/en\/news\/ville-dapres-contest\/\">&#8220;Ville d&#8217;apr\u00e8s&#8221; contest<\/a>\n                \n                \n            <\/h3>\n            \n                        <p class=\"uk-article-meta\">Written on <time datetime=\"2022-04-19 11:49:44\">19 April 2022<\/time>. Posted in <a href=\"https:\/\/creativebd-angouleme.inovawork.net\/en\/category\/goals-plan\/7-promoting\/\">[7] Promoting<\/a>, <a href=\"https:\/\/creativebd-angouleme.inovawork.net\/en\/category\/news\/\">News<\/a><\/p>\n            \n            \n                        <div class=\"uk-margin\"><p>&nbsp;<\/p>\n<p align=\"justify\"><span style=\"font-family: Candara, sans-serif;\"><span style=\"font-size: medium;\"><strong>What city for tomorrow?<\/strong><br \/>\n<\/span><\/span><\/p>\n<p align=\"justify\">\n<\/div>\n            \n            \n                        <p><a class=\"uk-button\" href=\"https:\/\/creativebd-angouleme.inovawork.net\/en\/news\/ville-dapres-contest\/\">Read more<\/a><\/p>\n            \n            \n        <\/div>\n    <\/div>\n\n\n    <div>\n        <div class=\"uk-panel uk-panel-box\">\n\n            \n            \n                        <div class=\"uk-text-center uk-panel-teaser\"><div class=\"uk-overlay uk-overlay-hover \"><img src=\"https:\/\/creativebd-angouleme.inovawork.net\/wp-content\/uploads\/2022\/04\/affiches-slidermaj.jpg\" class=\" uk-overlay-scale\" alt=\"FIBD, the return!\" width=\"1407\" height=\"633\"><div class=\"uk-overlay-panel uk-overlay-background uk-overlay-icon uk-overlay-fade\"><\/div><a class=\"uk-position-cover\" href=\"https:\/\/creativebd-angouleme.inovawork.net\/en\/news\/fibd-the-return\/\" title=\"FIBD, the return!\"><\/a><\/div><\/div>\n            \n            \n                        <h3 class=\"uk-panel-title\">\n\n                                    <a class=\"uk-link-reset\" href=\"https:\/\/creativebd-angouleme.inovawork.net\/en\/news\/fibd-the-return\/\">FIBD, the return!<\/a>\n                \n                \n            <\/h3>\n            \n                        <p class=\"uk-article-meta\">Written on <time datetime=\"2022-04-19 10:40:46\">19 April 2022<\/time>. Posted in <a href=\"https:\/\/creativebd-angouleme.inovawork.net\/en\/category\/goals-plan\/9-organising\/\">[9] Organising<\/a>, <a href=\"https:\/\/creativebd-angouleme.inovawork.net\/en\/category\/news\/\">News<\/a><\/p>\n            \n            \n                        <div class=\"uk-margin\"><p>&nbsp;<\/p>\n<p align=\"justify\"><strong><span style=\"font-family: Candara, sans-serif;\">Long time no see!<\/span><\/strong><\/p>\n<p align=\"justify\"><span style=\"font-family: Candara, sans-serif;\">What a pleasure to have m<\/span><span style=\"font-family: Candara, sans-serif;\">et<\/span><span style=\"font-family: Candara, sans-serif;\"> you again for our <strong>International Comics Festival<\/strong>, after more than two long years!<\/span><\/p>\n<\/div>\n            \n            \n                        <p><a class=\"uk-button\" href=\"https:\/\/creativebd-angouleme.inovawork.net\/en\/news\/fibd-the-return\/\">Read more<\/a><\/p>\n            \n            \n        <\/div>\n    <\/div>\n\n\n    <div>\n        <div class=\"uk-panel uk-panel-box\">\n\n            \n            \n                        <div class=\"uk-text-center uk-panel-teaser\"><div class=\"uk-overlay uk-overlay-hover \"><img src=\"https:\/\/creativebd-angouleme.inovawork.net\/wp-content\/uploads\/2022\/04\/Pavillon_Entree.jpg\" class=\" uk-overlay-scale\" alt=\"Angoul\u00eame raises the Pavilion!\" width=\"593\" height=\"395\"><div class=\"uk-overlay-panel uk-overlay-background uk-overlay-icon uk-overlay-fade\"><\/div><a class=\"uk-position-cover\" href=\"https:\/\/creativebd-angouleme.inovawork.net\/en\/news\/angouleme-raises-the-pavilion\/\" title=\"Angoul\u00eame raises the Pavilion!\"><\/a><\/div><\/div>\n            \n            \n                        <h3 class=\"uk-panel-title\">\n\n                                    <a class=\"uk-link-reset\" href=\"https:\/\/creativebd-angouleme.inovawork.net\/en\/news\/angouleme-raises-the-pavilion\/\">Angoul\u00eame raises the Pavilion!<\/a>\n                \n                \n            <\/h3>\n            \n                        <p class=\"uk-article-meta\">Written on <time datetime=\"2022-04-19 10:06:27\">19 April 2022<\/time>. Posted in <a href=\"https:\/\/creativebd-angouleme.inovawork.net\/en\/category\/goals-plan\/7-promoting\/\">[7] Promoting<\/a>, <a href=\"https:\/\/creativebd-angouleme.inovawork.net\/en\/category\/news\/\">News<\/a><\/p>\n            \n            \n                        <div class=\"uk-margin\"><p>&nbsp;<\/p>\n<p align=\"justify\"><span style=\"font-family: Candara, sans-serif;\"><strong>Angoul\u00eame, UNESCO Creative City for Literature, opened its Pavilion for the first time!<\/strong> <\/span><\/p>\n<p align=\"justify\">\n<\/div>\n            \n            \n                        <p><a class=\"uk-button\" href=\"https:\/\/creativebd-angouleme.inovawork.net\/en\/news\/angouleme-raises-the-pavilion\/\">Read more<\/a><\/p>\n            \n            \n        <\/div>\n    <\/div>\n\n\n    <div>\n        <div class=\"uk-panel uk-panel-box\">\n\n            \n            \n                        <div class=\"uk-text-center uk-panel-teaser\"><div class=\"uk-overlay uk-overlay-hover \"><img src=\"https:\/\/creativebd-angouleme.inovawork.net\/wp-content\/uploads\/2022\/01\/residence-reykjavik-grondalshouse.jpg\" class=\" uk-overlay-scale\" alt=\"Reykjavik residency programme\" width=\"1462\" height=\"799\"><div class=\"uk-overlay-panel uk-overlay-background uk-overlay-icon uk-overlay-fade\"><\/div><a class=\"uk-position-cover\" href=\"https:\/\/creativebd-angouleme.inovawork.net\/en\/news\/reykjavik-residency-programme\/\" title=\"Reykjavik residency programme\"><\/a><\/div><\/div>\n            \n            \n                        <h3 class=\"uk-panel-title\">\n\n                                    <a class=\"uk-link-reset\" href=\"https:\/\/creativebd-angouleme.inovawork.net\/en\/news\/reykjavik-residency-programme\/\">Reykjavik residency programme<\/a>\n                \n                \n            <\/h3>\n            \n                        <p class=\"uk-article-meta\">Written on <time datetime=\"2022-01-24 14:56:52\">24 January 2022<\/time>. Posted in <a href=\"https:\/\/creativebd-angouleme.inovawork.net\/en\/category\/news\/\">News<\/a><\/p>\n            \n            \n                        <div class=\"uk-margin\"><p><strong>Reykjavik, Iceland capital and UNESCO creative city of literature, launches an open call for its residency programme.<\/strong><\/p>\n<\/div>\n            \n            \n                        <p><a class=\"uk-button\" href=\"https:\/\/creativebd-angouleme.inovawork.net\/en\/news\/reykjavik-residency-programme\/\">Read more<\/a><\/p>\n            \n            \n        <\/div>\n    <\/div>\n\n\n<\/div>\n\n<script>\n(function($){\n\n    \/\/ get the images of the gallery and replace it by a canvas of the same size to fix the problem with overlapping images on load.\n    $('img[width][height]:not(.uk-overlay-panel)', $('#wk-gridf0f')).each(function() {\n\n        var $img = $(this);\n\n        if (this.width == 'auto' || this.height == 'auto' || !$img.is(':visible')) {\n            return;\n        }\n\n        var $canvas = $('<canvas class=\"uk-responsive-width\"><\/canvas>').attr({width:$img.attr('width'), height:$img.attr('height')}),\n            img = new Image,\n            release = function() {\n                $canvas.remove();\n                $img.css('display', '');\n                release = function(){};\n            };\n\n        $img.css('display', 'none').after($canvas);\n\n        $(img).on('load', function(){ release(); });\n        setTimeout(function(){ release(); }, 1000);\n\n        img.src = this.src;\n\n    });\n\n})(jQuery);\n<\/script>\n[\/vc_column_text][\/vc_column][\/vc_row][vc_row][vc_column column_width_percent=&#8221;100&#8243; position_horizontal=&#8221;right&#8221; align_horizontal=&#8221;align_right&#8221; gutter_size=&#8221;3&#8243; overlay_alpha=&#8221;50&#8243; shift_x=&#8221;0&#8243; shift_y=&#8221;0&#8243; shift_y_down=&#8221;0&#8243; z_index=&#8221;0&#8243; medium_width=&#8221;0&#8243; mobile_width=&#8221;0&#8243; width=&#8221;1\/1&#8243;][vc_button button_color=&#8221;color-203281&#8243; border_width=&#8221;0&#8243; link=&#8221;url:https%3A%2F%2Fcreativebd-angouleme.inovawork.net%2Fen%2Fnews%2F|title:View%20all%20articles&#8221;]View all articles[\/vc_button][\/vc_column][\/vc_row][vc_row][vc_column width=&#8221;1\/1&#8243;][vc_separator][\/vc_column][\/vc_row][vc_row][vc_column width=&#8221;1\/2&#8243;][vc_custom_heading text_font=&#8221;font-993027&#8243;]Xavier Bonnefont[\/vc_custom_heading][vc_custom_heading heading_semantic=&#8221;h6&#8243; text_font=&#8221;font-993027&#8243; text_size=&#8221;h5&#8243;]The Mayor of Angoul\u00eame[\/vc_custom_heading][\/vc_column][vc_column width=&#8221;1\/2&#8243;][vc_single_image media=&#8221;79014&#8243; media_width_percent=&#8221;85&#8243;][\/vc_column][\/vc_row][vc_row][vc_column width=&#8221;1\/1&#8243;][vc_column_text text_lead=&#8221;yes&#8221;]Since it was founded in 1974, Angoul\u00eame\u2019s International Comic Strip Festival (FIBD) has given rise to a whole new ecosystem in the conurbation, which is now a fully-fledged driver for socioeconomic and urban development. The city has transformed its sometimes struggling industrial economy into a predominantly tertiary activity grounded in visual arts-focused cultural industries.<\/p>\n<p>The Visual Arts Campus has taken shape with 12 specialist graduate schools. An economic development centre, Magelis, has been set up to support and strengthen the growth of this industry. Specialist cultural facilities (such as the International Centre for Comic Strips and the Visual Arts, Mus\u00e9e de France accredited Comic Strip Museum or L\u2019Alpha media library) have sprung up, and support schemes (including design grants, Centre for Writers, aid for corporate real estate, business incubators and more) now foster creativity and the creation of cultural businesses.<\/p>\n<p>Urban planning projects take this new dimension into account (redevelopment of brownfield sites, repurposing the Saint-Cybard neighbourhood and Charente riverbanks for the visual arts, integration in the \u201cAction Coeur de ville\u201d national scheme for revitalising mid-sized city centres, street furniture, street signs, etc.).[\/vc_column_text][\/vc_column][\/vc_row][vc_row][vc_column width=&#8221;1\/1&#8243;][vc_empty_space empty_h=&#8221;2&#8243;][\/vc_column][\/vc_row]<\/p>\n","protected":false},"excerpt":{"rendered":"<p>[vc_row][vc_column width=&#8221;1\/1&#8243;][vc_column_text][\/vc_column_text][\/vc_column][\/vc_row][vc_row][vc_column column_width_percent=&#8221;100&#8243; position_horizontal=&#8221;right&#8221; align_horizontal=&#8221;align_right&#8221; gutter_size=&#8221;3&#8243; overlay_alpha=&#8221;50&#8243; shift_x=&#8221;0&#8243; shift_y=&#8221;0&#8243; shift_y_down=&#8221;0&#8243; z_index=&#8221;0&#8243; medium_width=&#8221;0&#8243; mobile_width=&#8221;0&#8243; width=&#8221;1\/1&#8243;][vc_button button_color=&#8221;color-203281&#8243; border_width=&#8221;0&#8243; link=&#8221;url:https%3A%2F%2Fcreativebd-angouleme.inovawork.net%2Fen%2Fnews%2F|title:View%20all%20articles&#8221;]View all articles[\/vc_button][\/vc_column][\/vc_row][vc_row][vc_column width=&#8221;1\/1&#8243;][vc_separator][\/vc_column][\/vc_row][vc_row][vc_column [&hellip;]<\/p>\n","protected":false},"author":2,"featured_media":0,"parent":0,"menu_order":0,"comment_status":"closed","ping_status":"closed","template":"","meta":[],"yoast_head":"<!-- This site is optimized with the Yoast SEO plugin v18.4.1 - https:\/\/yoast.com\/wordpress\/plugins\/seo\/ -->\n<title>Angoul\u00eame Ville Cr\u00e9ative<\/title>\n<meta name=\"description\" content=\"Home\" \/>\n<meta name=\"robots\" content=\"noindex, follow, max-snippet:-1, max-image-preview:large, max-video-preview:-1\" \/>\n<meta property=\"og:locale\" content=\"en_US\" \/>\n<meta property=\"og:type\" content=\"article\" \/>\n<meta property=\"og:title\" content=\"Angoul\u00eame Ville Cr\u00e9ative\" \/>\n<meta property=\"og:description\" content=\"Home\" \/>\n<meta property=\"og:url\" content=\"https:\/\/creativebd-angouleme.inovawork.net\/en\/\" \/>\n<meta property=\"og:site_name\" content=\"Angoul\u00eame Ville Cr\u00e9ative\" \/>\n<meta property=\"article:modified_time\" content=\"2021-03-16T15:07:26+00:00\" \/>\n<meta name=\"twitter:card\" content=\"summary_large_image\" \/>\n<meta name=\"twitter:label1\" content=\"Est. reading time\" \/>\n\t<meta name=\"twitter:data1\" content=\"1 minute\" \/>\n<script type=\"application\/ld+json\" class=\"yoast-schema-graph\">{\"@context\":\"https:\/\/schema.org\",\"@graph\":[{\"@type\":\"Organization\",\"@id\":\"https:\/\/creativebd-angouleme.inovawork.net\/#organization\",\"name\":\"Mairie d'Angoul\u00eame\",\"url\":\"https:\/\/creativebd-angouleme.inovawork.net\/\",\"sameAs\":[],\"logo\":{\"@type\":\"ImageObject\",\"@id\":\"https:\/\/creativebd-angouleme.inovawork.net\/#logo\",\"inLanguage\":\"en-US\",\"url\":\"https:\/\/creativebd-angouleme.inovawork.net\/wp-content\/uploads\/2019\/12\/logo_angouleme_unesco.jpg\",\"contentUrl\":\"https:\/\/creativebd-angouleme.inovawork.net\/wp-content\/uploads\/2019\/12\/logo_angouleme_unesco.jpg\",\"width\":2079,\"height\":1060,\"caption\":\"Mairie d'Angoul\u00eame\"},\"image\":{\"@id\":\"https:\/\/creativebd-angouleme.inovawork.net\/#logo\"}},{\"@type\":\"WebSite\",\"@id\":\"https:\/\/creativebd-angouleme.inovawork.net\/#website\",\"url\":\"https:\/\/creativebd-angouleme.inovawork.net\/\",\"name\":\"Angoul\u00eame Ville Cr\u00e9ative\",\"description\":\"Angoul\u00eame Ville Cr\u00e9ative de l&#039;UNESCO\",\"publisher\":{\"@id\":\"https:\/\/creativebd-angouleme.inovawork.net\/#organization\"},\"potentialAction\":[{\"@type\":\"SearchAction\",\"target\":{\"@type\":\"EntryPoint\",\"urlTemplate\":\"https:\/\/creativebd-angouleme.inovawork.net\/?s={search_term_string}\"},\"query-input\":\"required name=search_term_string\"}],\"inLanguage\":\"en-US\"},{\"@type\":\"WebPage\",\"@id\":\"https:\/\/creativebd-angouleme.inovawork.net\/en\/#webpage\",\"url\":\"https:\/\/creativebd-angouleme.inovawork.net\/en\/\",\"name\":\"Angoul\u00eame Ville Cr\u00e9ative\",\"isPartOf\":{\"@id\":\"https:\/\/creativebd-angouleme.inovawork.net\/#website\"},\"datePublished\":\"2019-04-08T12:24:09+00:00\",\"dateModified\":\"2021-03-16T15:07:26+00:00\",\"description\":\"Home\",\"breadcrumb\":{\"@id\":\"https:\/\/creativebd-angouleme.inovawork.net\/en\/#breadcrumb\"},\"inLanguage\":\"en-US\",\"potentialAction\":[{\"@type\":\"ReadAction\",\"target\":[\"https:\/\/creativebd-angouleme.inovawork.net\/en\/\"]}]},{\"@type\":\"BreadcrumbList\",\"@id\":\"https:\/\/creativebd-angouleme.inovawork.net\/en\/#breadcrumb\",\"itemListElement\":[{\"@type\":\"ListItem\",\"position\":1,\"name\":\"Accueil\",\"item\":\"https:\/\/creativebd-angouleme.inovawork.net\/en\/\"},{\"@type\":\"ListItem\",\"position\":2,\"name\":\"Home\"}]}]}<\/script>\n<!-- \/ Yoast SEO plugin. -->","yoast_head_json":{"title":"Angoul\u00eame Ville Cr\u00e9ative","description":"Home","robots":{"index":"noindex","follow":"follow","max-snippet":"max-snippet:-1","max-image-preview":"max-image-preview:large","max-video-preview":"max-video-preview:-1"},"og_locale":"en_US","og_type":"article","og_title":"Angoul\u00eame Ville Cr\u00e9ative","og_description":"Home","og_url":"https:\/\/creativebd-angouleme.inovawork.net\/en\/","og_site_name":"Angoul\u00eame Ville Cr\u00e9ative","article_modified_time":"2021-03-16T15:07:26+00:00","twitter_card":"summary_large_image","twitter_misc":{"Est. reading time":"1 minute"},"schema":{"@context":"https:\/\/schema.org","@graph":[{"@type":"Organization","@id":"https:\/\/creativebd-angouleme.inovawork.net\/#organization","name":"Mairie d'Angoul\u00eame","url":"https:\/\/creativebd-angouleme.inovawork.net\/","sameAs":[],"logo":{"@type":"ImageObject","@id":"https:\/\/creativebd-angouleme.inovawork.net\/#logo","inLanguage":"en-US","url":"https:\/\/creativebd-angouleme.inovawork.net\/wp-content\/uploads\/2019\/12\/logo_angouleme_unesco.jpg","contentUrl":"https:\/\/creativebd-angouleme.inovawork.net\/wp-content\/uploads\/2019\/12\/logo_angouleme_unesco.jpg","width":2079,"height":1060,"caption":"Mairie d'Angoul\u00eame"},"image":{"@id":"https:\/\/creativebd-angouleme.inovawork.net\/#logo"}},{"@type":"WebSite","@id":"https:\/\/creativebd-angouleme.inovawork.net\/#website","url":"https:\/\/creativebd-angouleme.inovawork.net\/","name":"Angoul\u00eame Ville Cr\u00e9ative","description":"Angoul\u00eame Ville Cr\u00e9ative de l&#039;UNESCO","publisher":{"@id":"https:\/\/creativebd-angouleme.inovawork.net\/#organization"},"potentialAction":[{"@type":"SearchAction","target":{"@type":"EntryPoint","urlTemplate":"https:\/\/creativebd-angouleme.inovawork.net\/?s={search_term_string}"},"query-input":"required name=search_term_string"}],"inLanguage":"en-US"},{"@type":"WebPage","@id":"https:\/\/creativebd-angouleme.inovawork.net\/en\/#webpage","url":"https:\/\/creativebd-angouleme.inovawork.net\/en\/","name":"Angoul\u00eame Ville Cr\u00e9ative","isPartOf":{"@id":"https:\/\/creativebd-angouleme.inovawork.net\/#website"},"datePublished":"2019-04-08T12:24:09+00:00","dateModified":"2021-03-16T15:07:26+00:00","description":"Home","breadcrumb":{"@id":"https:\/\/creativebd-angouleme.inovawork.net\/en\/#breadcrumb"},"inLanguage":"en-US","potentialAction":[{"@type":"ReadAction","target":["https:\/\/creativebd-angouleme.inovawork.net\/en\/"]}]},{"@type":"BreadcrumbList","@id":"https:\/\/creativebd-angouleme.inovawork.net\/en\/#breadcrumb","itemListElement":[{"@type":"ListItem","position":1,"name":"Accueil","item":"https:\/\/creativebd-angouleme.inovawork.net\/en\/"},{"@type":"ListItem","position":2,"name":"Home"}]}]}},"_links":{"self":[{"href":"https:\/\/creativebd-angouleme.inovawork.net\/en\/wp-json\/wp\/v2\/pages\/79035"}],"collection":[{"href":"https:\/\/creativebd-angouleme.inovawork.net\/en\/wp-json\/wp\/v2\/pages"}],"about":[{"href":"https:\/\/creativebd-angouleme.inovawork.net\/en\/wp-json\/wp\/v2\/types\/page"}],"author":[{"embeddable":true,"href":"https:\/\/creativebd-angouleme.inovawork.net\/en\/wp-json\/wp\/v2\/users\/2"}],"replies":[{"embeddable":true,"href":"https:\/\/creativebd-angouleme.inovawork.net\/en\/wp-json\/wp\/v2\/comments?post=79035"}],"version-history":[{"count":21,"href":"https:\/\/creativebd-angouleme.inovawork.net\/en\/wp-json\/wp\/v2\/pages\/79035\/revisions"}],"predecessor-version":[{"id":80269,"href":"https:\/\/creativebd-angouleme.inovawork.net\/en\/wp-json\/wp\/v2\/pages\/79035\/revisions\/80269"}],"wp:attachment":[{"href":"https:\/\/creativebd-angouleme.inovawork.net\/en\/wp-json\/wp\/v2\/media?parent=79035"}],"curies":[{"name":"wp","href":"https:\/\/api.w.org\/{rel}","templated":true}]}}